{"id":59716,"date":"2026-03-17T12:43:45","date_gmt":"2026-03-17T11:43:45","guid":{"rendered":"https:\/\/le-grenier.org\/index.php\/produit\/porte-manteau-baumann\/"},"modified":"2026-03-17T12:46:26","modified_gmt":"2026-03-17T11:46:26","slug":"porte-manteau-baumann","status":"publish","type":"product","link":"https:\/\/le-grenier.org\/index.php\/produit\/porte-manteau-baumann\/","title":{"rendered":"Porte manteau Baumann"},"content":{"rendered":"<p>Porte-manteau perroquet \ud83e\udd9c Baumann en bois courb\u00e9<\/p>\n<p>Marque tamponn\u00e9e au fer sur le pied, voir photo<\/p>\n<p>\u00c9l\u00e9gant porte-manteau vintage de la maison Baumann, r\u00e9alis\u00e9 en bois courb\u00e9, au design intemporel et fonctionnel. Sa silhouette \u201cperroquet\u201d embl\u00e9matique en fait une pi\u00e8ce \u00e0 la fois pratique et d\u00e9corative, id\u00e9ale pour une entr\u00e9e ou un espace de vie.<\/p>\n<p>\ud83d\udccf Hauteur : 185 cm<\/p>\n<p>\ud83d\udccf Diam\u00e8tre au sol : 70 cm<\/p>\n<p>\ud83d\udd0e \u00c9tat :<\/p>\n<p>Bon \u00e9tat g\u00e9n\u00e9ral avec des traces d\u2019usage sur le bois.<\/p>\n<p>\u00c0 noter : une pat\u00e8re manquante et une l\u00e9g\u00e8re inclinaison de la tige due au temps, ce qui n\u2019emp\u00eache pas son utilisation mais m\u00e9rite d\u2019\u00eatre signal\u00e9.<\/p>\n<p>\ud83c\udfdb\ufe0f \u00c0 propos de Baumann<\/p>\n<p>Fond\u00e9e \u00e0 la fin du XIXe si\u00e8cle en France, la maison Baumann s\u2019est sp\u00e9cialis\u00e9e dans le travail du bois courb\u00e9, une technique inspir\u00e9e de Thonet. Elle s\u2019est particuli\u00e8rement illustr\u00e9e au XXe si\u00e8cle en produisant du mobilier robuste, \u00e9l\u00e9gant et accessible, notamment pour les caf\u00e9s, restaurants et int\u00e9rieurs bourgeois. Les pi\u00e8ces Baumann sont aujourd\u2019hui recherch\u00e9es pour leur qualit\u00e9 de fabrication et leur charme vintage.<\/p>\n","protected":false},"excerpt":{"rendered":"<p>Porte-manteau perroquet \ud83e\udd9c Baumann en bois courb\u00e9 Marque tamponn\u00e9e au fer sur le pied, voir photo \u00c9l\u00e9gant porte-manteau vintage de&hellip;<\/p>\n","protected":false},"featured_media":59717,"template":"","meta":{"ngg_post_thumbnail":0},"product_cat":[60,40],"product_tag":[],"yoast_head":"<!-- This site is optimized with the Yoast SEO plugin v17.9 - https:\/\/yoast.com\/wordpress\/plugins\/seo\/ -->\n<title>Porte manteau Baumann - Le Grenier - brocante et am\u00e9nagement<\/title>\n<meta name=\"robots\" content=\"index, follow, max-snippet:-1, max-image-preview:large, max-video-preview:-1\" \/>\n<link rel=\"canonical\" href=\"https:\/\/le-grenier.org\/index.php\/produit\/porte-manteau-baumann\/\" \/>\n<meta property=\"og:locale\" content=\"fr_FR\" \/>\n<meta property=\"og:type\" content=\"article\" \/>\n<meta property=\"og:title\" content=\"Porte manteau Baumann - Le Grenier - brocante et am\u00e9nagement\" \/>\n<meta property=\"og:description\" content=\"Porte-manteau perroquet \ud83e\udd9c Baumann en bois courb\u00e9 Marque tamponn\u00e9e au fer sur le pied, voir photo \u00c9l\u00e9gant porte-manteau vintage de&hellip;\" \/>\n<meta property=\"og:url\" content=\"https:\/\/le-grenier.org\/index.php\/produit\/porte-manteau-baumann\/\" \/>\n<meta property=\"og:site_name\" content=\"Le Grenier - brocante et am\u00e9nagement\" \/>\n<meta property=\"article:modified_time\" content=\"2026-03-17T11:46:26+00:00\" \/>\n<meta name=\"twitter:card\" content=\"summary_large_image\" \/>\n<meta name=\"twitter:label1\" content=\"Dur\u00e9e de lecture estim\u00e9e\" \/>\n\t<meta name=\"twitter:data1\" content=\"1 minute\" \/>\n<script type=\"application\/ld+json\" class=\"yoast-schema-graph\">{\"@context\":\"https:\/\/schema.org\",\"@graph\":[{\"@type\":\"WebSite\",\"@id\":\"https:\/\/le-grenier.org\/#website\",\"url\":\"https:\/\/le-grenier.org\/\",\"name\":\"Le Grenier - brocante et am\\u00e9nagement\",\"description\":\"\",\"potentialAction\":[{\"@type\":\"SearchAction\",\"target\":{\"@type\":\"EntryPoint\",\"urlTemplate\":\"https:\/\/le-grenier.org\/?s={search_term_string}\"},\"query-input\":\"required name=search_term_string\"}],\"inLanguage\":\"fr-FR\"},{\"@type\":\"ImageObject\",\"@id\":\"https:\/\/le-grenier.org\/index.php\/produit\/porte-manteau-baumann\/#primaryimage\",\"inLanguage\":\"fr-FR\",\"url\":\"https:\/\/le-grenier.org\/wp-content\/uploads\/2026\/03\/img_4763.jpeg\",\"contentUrl\":\"https:\/\/le-grenier.org\/wp-content\/uploads\/2026\/03\/img_4763.jpeg\",\"width\":1170,\"height\":1743,\"caption\":\"Screenshot\"},{\"@type\":\"WebPage\",\"@id\":\"https:\/\/le-grenier.org\/index.php\/produit\/porte-manteau-baumann\/#webpage\",\"url\":\"https:\/\/le-grenier.org\/index.php\/produit\/porte-manteau-baumann\/\",\"name\":\"Porte manteau Baumann - Le Grenier - brocante et am\\u00e9nagement\",\"isPartOf\":{\"@id\":\"https:\/\/le-grenier.org\/#website\"},\"primaryImageOfPage\":{\"@id\":\"https:\/\/le-grenier.org\/index.php\/produit\/porte-manteau-baumann\/#primaryimage\"},\"datePublished\":\"2026-03-17T11:43:45+00:00\",\"dateModified\":\"2026-03-17T11:46:26+00:00\",\"breadcrumb\":{\"@id\":\"https:\/\/le-grenier.org\/index.php\/produit\/porte-manteau-baumann\/#breadcrumb\"},\"inLanguage\":\"fr-FR\",\"potentialAction\":[{\"@type\":\"ReadAction\",\"target\":[\"https:\/\/le-grenier.org\/index.php\/produit\/porte-manteau-baumann\/\"]}]},{\"@type\":\"BreadcrumbList\",\"@id\":\"https:\/\/le-grenier.org\/index.php\/produit\/porte-manteau-baumann\/#breadcrumb\",\"itemListElement\":[{\"@type\":\"ListItem\",\"position\":1,\"name\":\"Accueil\",\"item\":\"https:\/\/le-grenier.org\/\"},{\"@type\":\"ListItem\",\"position\":2,\"name\":\"Boutique en ligne\",\"item\":\"https:\/\/le-grenier.org\/\"},{\"@type\":\"ListItem\",\"position\":3,\"name\":\"Porte manteau Baumann\"}]}]}<\/script>\n<!-- \/ Yoast SEO plugin. -->","yoast_head_json":{"title":"Porte manteau Baumann - Le Grenier - brocante et am\u00e9nagement","robots":{"index":"index","follow":"follow","max-snippet":"max-snippet:-1","max-image-preview":"max-image-preview:large","max-video-preview":"max-video-preview:-1"},"canonical":"https:\/\/le-grenier.org\/index.php\/produit\/porte-manteau-baumann\/","og_locale":"fr_FR","og_type":"article","og_title":"Porte manteau Baumann - Le Grenier - brocante et am\u00e9nagement","og_description":"Porte-manteau perroquet \ud83e\udd9c Baumann en bois courb\u00e9 Marque tamponn\u00e9e au fer sur le pied, voir photo \u00c9l\u00e9gant porte-manteau vintage de&hellip;","og_url":"https:\/\/le-grenier.org\/index.php\/produit\/porte-manteau-baumann\/","og_site_name":"Le Grenier - brocante et am\u00e9nagement","article_modified_time":"2026-03-17T11:46:26+00:00","twitter_card":"summary_large_image","twitter_misc":{"Dur\u00e9e de lecture estim\u00e9e":"1 minute"},"schema":{"@context":"https:\/\/schema.org","@graph":[{"@type":"WebSite","@id":"https:\/\/le-grenier.org\/#website","url":"https:\/\/le-grenier.org\/","name":"Le Grenier - brocante et am\u00e9nagement","description":"","potentialAction":[{"@type":"SearchAction","target":{"@type":"EntryPoint","urlTemplate":"https:\/\/le-grenier.org\/?s={search_term_string}"},"query-input":"required name=search_term_string"}],"inLanguage":"fr-FR"},{"@type":"ImageObject","@id":"https:\/\/le-grenier.org\/index.php\/produit\/porte-manteau-baumann\/#primaryimage","inLanguage":"fr-FR","url":"https:\/\/le-grenier.org\/wp-content\/uploads\/2026\/03\/img_4763.jpeg","contentUrl":"https:\/\/le-grenier.org\/wp-content\/uploads\/2026\/03\/img_4763.jpeg","width":1170,"height":1743,"caption":"Screenshot"},{"@type":"WebPage","@id":"https:\/\/le-grenier.org\/index.php\/produit\/porte-manteau-baumann\/#webpage","url":"https:\/\/le-grenier.org\/index.php\/produit\/porte-manteau-baumann\/","name":"Porte manteau Baumann - Le Grenier - brocante et am\u00e9nagement","isPartOf":{"@id":"https:\/\/le-grenier.org\/#website"},"primaryImageOfPage":{"@id":"https:\/\/le-grenier.org\/index.php\/produit\/porte-manteau-baumann\/#primaryimage"},"datePublished":"2026-03-17T11:43:45+00:00","dateModified":"2026-03-17T11:46:26+00:00","breadcrumb":{"@id":"https:\/\/le-grenier.org\/index.php\/produit\/porte-manteau-baumann\/#breadcrumb"},"inLanguage":"fr-FR","potentialAction":[{"@type":"ReadAction","target":["https:\/\/le-grenier.org\/index.php\/produit\/porte-manteau-baumann\/"]}]},{"@type":"BreadcrumbList","@id":"https:\/\/le-grenier.org\/index.php\/produit\/porte-manteau-baumann\/#breadcrumb","itemListElement":[{"@type":"ListItem","position":1,"name":"Accueil","item":"https:\/\/le-grenier.org\/"},{"@type":"ListItem","position":2,"name":"Boutique en ligne","item":"https:\/\/le-grenier.org\/"},{"@type":"ListItem","position":3,"name":"Porte manteau Baumann"}]}]}},"_links":{"self":[{"href":"https:\/\/le-grenier.org\/index.php\/wp-json\/wp\/v2\/product\/59716"}],"collection":[{"href":"https:\/\/le-grenier.org\/index.php\/wp-json\/wp\/v2\/product"}],"about":[{"href":"https:\/\/le-grenier.org\/index.php\/wp-json\/wp\/v2\/types\/product"}],"wp:featuredmedia":[{"embeddable":true,"href":"https:\/\/le-grenier.org\/index.php\/wp-json\/wp\/v2\/media\/59717"}],"wp:attachment":[{"href":"https:\/\/le-grenier.org\/index.php\/wp-json\/wp\/v2\/media?parent=59716"}],"wp:term":[{"taxonomy":"product_cat","embeddable":true,"href":"https:\/\/le-grenier.org\/index.php\/wp-json\/wp\/v2\/product_cat?post=59716"},{"taxonomy":"product_tag","embeddable":true,"href":"https:\/\/le-grenier.org\/index.php\/wp-json\/wp\/v2\/product_tag?post=59716"}],"curies":[{"name":"wp","href":"https:\/\/api.w.org\/{rel}","templated":true}]}}