{"id":59727,"date":"2026-03-18T15:13:57","date_gmt":"2026-03-18T14:13:57","guid":{"rendered":"https:\/\/le-grenier.org\/index.php\/produit\/dessous-de-plat-6\/"},"modified":"2026-03-18T15:16:08","modified_gmt":"2026-03-18T14:16:08","slug":"dessous-de-plat-6","status":"publish","type":"product","link":"https:\/\/le-grenier.org\/index.php\/produit\/dessous-de-plat-6\/","title":{"rendered":"Dessous de plat"},"content":{"rendered":"<p>\u2728 Dessous de plat ovale en fonte \u2013 style vintage \u2728<\/p>\n<p>Apportez une touche authentique et \u00e9l\u00e9gante \u00e0 votre table avec ce magnifique dessous de plat en fonte. Son motif ajour\u00e9 finement travaill\u00e9 lui conf\u00e8re un charme vintage intemporel, id\u00e9al pour une d\u00e9coration chaleureuse ou une cuisine au style r\u00e9tro.<\/p>\n<p>\ud83d\udda4 Mati\u00e8re : fonte robuste et durable<\/p>\n<p>\ud83d\udcd0 Dimensions : 23 x 13 cm<\/p>\n<p>\ud83c\udfa8 Coloris : noir patin\u00e9 (avec une belle patine d\u2019\u00e9poque)<\/p>\n<p>\ud83d\udd25 Parfait pour prot\u00e9ger vos surfaces de la chaleur tout en d\u00e9corant<\/p>\n<p>\u2014 \u2014 \u2014<\/p>\n<p>\ud83d\udce6 Exp\u00e9dition rapide et soign\u00e9e via Mondial Relay ou Colissimo<\/p>\n<p>\ud83d\uded2 Retrait gratuit en boutique \u00e0 Amiens  ou Thezy<\/p>\n<p>\ud83d\udce6 Emballage renforc\u00e9 pour une protection optimale<\/p>\n","protected":false},"excerpt":{"rendered":"<p>\u2728 Dessous de plat ovale en fonte \u2013 style vintage \u2728 Apportez une touche authentique et \u00e9l\u00e9gante \u00e0 votre table&hellip;<\/p>\n","protected":false},"featured_media":59728,"template":"","meta":{"ngg_post_thumbnail":0},"product_cat":[46,27],"product_tag":[],"yoast_head":"<!-- This site is optimized with the Yoast SEO plugin v17.9 - https:\/\/yoast.com\/wordpress\/plugins\/seo\/ -->\n<title>Dessous de plat - Le Grenier - brocante et am\u00e9nagement<\/title>\n<meta name=\"robots\" content=\"index, follow, max-snippet:-1, max-image-preview:large, max-video-preview:-1\" \/>\n<link rel=\"canonical\" href=\"https:\/\/le-grenier.org\/index.php\/produit\/dessous-de-plat-6\/\" \/>\n<meta property=\"og:locale\" content=\"fr_FR\" \/>\n<meta property=\"og:type\" content=\"article\" \/>\n<meta property=\"og:title\" content=\"Dessous de plat - Le Grenier - brocante et am\u00e9nagement\" \/>\n<meta property=\"og:description\" content=\"\u2728 Dessous de plat ovale en fonte \u2013 style vintage \u2728 Apportez une touche authentique et \u00e9l\u00e9gante \u00e0 votre table&hellip;\" \/>\n<meta property=\"og:url\" content=\"https:\/\/le-grenier.org\/index.php\/produit\/dessous-de-plat-6\/\" \/>\n<meta property=\"og:site_name\" content=\"Le Grenier - brocante et am\u00e9nagement\" \/>\n<meta property=\"article:modified_time\" content=\"2026-03-18T14:16:08+00:00\" \/>\n<meta name=\"twitter:card\" content=\"summary_large_image\" \/>\n<meta name=\"twitter:label1\" content=\"Dur\u00e9e de lecture estim\u00e9e\" \/>\n\t<meta name=\"twitter:data1\" content=\"1 minute\" \/>\n<script type=\"application\/ld+json\" class=\"yoast-schema-graph\">{\"@context\":\"https:\/\/schema.org\",\"@graph\":[{\"@type\":\"WebSite\",\"@id\":\"https:\/\/le-grenier.org\/#website\",\"url\":\"https:\/\/le-grenier.org\/\",\"name\":\"Le Grenier - brocante et am\\u00e9nagement\",\"description\":\"\",\"potentialAction\":[{\"@type\":\"SearchAction\",\"target\":{\"@type\":\"EntryPoint\",\"urlTemplate\":\"https:\/\/le-grenier.org\/?s={search_term_string}\"},\"query-input\":\"required name=search_term_string\"}],\"inLanguage\":\"fr-FR\"},{\"@type\":\"ImageObject\",\"@id\":\"https:\/\/le-grenier.org\/index.php\/produit\/dessous-de-plat-6\/#primaryimage\",\"inLanguage\":\"fr-FR\",\"url\":\"https:\/\/le-grenier.org\/wp-content\/uploads\/2026\/03\/img_4783.jpeg\",\"contentUrl\":\"https:\/\/le-grenier.org\/wp-content\/uploads\/2026\/03\/img_4783.jpeg\",\"width\":1170,\"height\":1536,\"caption\":\"Screenshot\"},{\"@type\":\"WebPage\",\"@id\":\"https:\/\/le-grenier.org\/index.php\/produit\/dessous-de-plat-6\/#webpage\",\"url\":\"https:\/\/le-grenier.org\/index.php\/produit\/dessous-de-plat-6\/\",\"name\":\"Dessous de plat - Le Grenier - brocante et am\\u00e9nagement\",\"isPartOf\":{\"@id\":\"https:\/\/le-grenier.org\/#website\"},\"primaryImageOfPage\":{\"@id\":\"https:\/\/le-grenier.org\/index.php\/produit\/dessous-de-plat-6\/#primaryimage\"},\"datePublished\":\"2026-03-18T14:13:57+00:00\",\"dateModified\":\"2026-03-18T14:16:08+00:00\",\"breadcrumb\":{\"@id\":\"https:\/\/le-grenier.org\/index.php\/produit\/dessous-de-plat-6\/#breadcrumb\"},\"inLanguage\":\"fr-FR\",\"potentialAction\":[{\"@type\":\"ReadAction\",\"target\":[\"https:\/\/le-grenier.org\/index.php\/produit\/dessous-de-plat-6\/\"]}]},{\"@type\":\"BreadcrumbList\",\"@id\":\"https:\/\/le-grenier.org\/index.php\/produit\/dessous-de-plat-6\/#breadcrumb\",\"itemListElement\":[{\"@type\":\"ListItem\",\"position\":1,\"name\":\"Accueil\",\"item\":\"https:\/\/le-grenier.org\/\"},{\"@type\":\"ListItem\",\"position\":2,\"name\":\"Boutique en ligne\",\"item\":\"https:\/\/le-grenier.org\/\"},{\"@type\":\"ListItem\",\"position\":3,\"name\":\"Dessous de plat\"}]}]}<\/script>\n<!-- \/ Yoast SEO plugin. -->","yoast_head_json":{"title":"Dessous de plat - Le Grenier - brocante et am\u00e9nagement","robots":{"index":"index","follow":"follow","max-snippet":"max-snippet:-1","max-image-preview":"max-image-preview:large","max-video-preview":"max-video-preview:-1"},"canonical":"https:\/\/le-grenier.org\/index.php\/produit\/dessous-de-plat-6\/","og_locale":"fr_FR","og_type":"article","og_title":"Dessous de plat - Le Grenier - brocante et am\u00e9nagement","og_description":"\u2728 Dessous de plat ovale en fonte \u2013 style vintage \u2728 Apportez une touche authentique et \u00e9l\u00e9gante \u00e0 votre table&hellip;","og_url":"https:\/\/le-grenier.org\/index.php\/produit\/dessous-de-plat-6\/","og_site_name":"Le Grenier - brocante et am\u00e9nagement","article_modified_time":"2026-03-18T14:16:08+00:00","twitter_card":"summary_large_image","twitter_misc":{"Dur\u00e9e de lecture estim\u00e9e":"1 minute"},"schema":{"@context":"https:\/\/schema.org","@graph":[{"@type":"WebSite","@id":"https:\/\/le-grenier.org\/#website","url":"https:\/\/le-grenier.org\/","name":"Le Grenier - brocante et am\u00e9nagement","description":"","potentialAction":[{"@type":"SearchAction","target":{"@type":"EntryPoint","urlTemplate":"https:\/\/le-grenier.org\/?s={search_term_string}"},"query-input":"required name=search_term_string"}],"inLanguage":"fr-FR"},{"@type":"ImageObject","@id":"https:\/\/le-grenier.org\/index.php\/produit\/dessous-de-plat-6\/#primaryimage","inLanguage":"fr-FR","url":"https:\/\/le-grenier.org\/wp-content\/uploads\/2026\/03\/img_4783.jpeg","contentUrl":"https:\/\/le-grenier.org\/wp-content\/uploads\/2026\/03\/img_4783.jpeg","width":1170,"height":1536,"caption":"Screenshot"},{"@type":"WebPage","@id":"https:\/\/le-grenier.org\/index.php\/produit\/dessous-de-plat-6\/#webpage","url":"https:\/\/le-grenier.org\/index.php\/produit\/dessous-de-plat-6\/","name":"Dessous de plat - Le Grenier - brocante et am\u00e9nagement","isPartOf":{"@id":"https:\/\/le-grenier.org\/#website"},"primaryImageOfPage":{"@id":"https:\/\/le-grenier.org\/index.php\/produit\/dessous-de-plat-6\/#primaryimage"},"datePublished":"2026-03-18T14:13:57+00:00","dateModified":"2026-03-18T14:16:08+00:00","breadcrumb":{"@id":"https:\/\/le-grenier.org\/index.php\/produit\/dessous-de-plat-6\/#breadcrumb"},"inLanguage":"fr-FR","potentialAction":[{"@type":"ReadAction","target":["https:\/\/le-grenier.org\/index.php\/produit\/dessous-de-plat-6\/"]}]},{"@type":"BreadcrumbList","@id":"https:\/\/le-grenier.org\/index.php\/produit\/dessous-de-plat-6\/#breadcrumb","itemListElement":[{"@type":"ListItem","position":1,"name":"Accueil","item":"https:\/\/le-grenier.org\/"},{"@type":"ListItem","position":2,"name":"Boutique en ligne","item":"https:\/\/le-grenier.org\/"},{"@type":"ListItem","position":3,"name":"Dessous de plat"}]}]}},"_links":{"self":[{"href":"https:\/\/le-grenier.org\/index.php\/wp-json\/wp\/v2\/product\/59727"}],"collection":[{"href":"https:\/\/le-grenier.org\/index.php\/wp-json\/wp\/v2\/product"}],"about":[{"href":"https:\/\/le-grenier.org\/index.php\/wp-json\/wp\/v2\/types\/product"}],"wp:featuredmedia":[{"embeddable":true,"href":"https:\/\/le-grenier.org\/index.php\/wp-json\/wp\/v2\/media\/59728"}],"wp:attachment":[{"href":"https:\/\/le-grenier.org\/index.php\/wp-json\/wp\/v2\/media?parent=59727"}],"wp:term":[{"taxonomy":"product_cat","embeddable":true,"href":"https:\/\/le-grenier.org\/index.php\/wp-json\/wp\/v2\/product_cat?post=59727"},{"taxonomy":"product_tag","embeddable":true,"href":"https:\/\/le-grenier.org\/index.php\/wp-json\/wp\/v2\/product_tag?post=59727"}],"curies":[{"name":"wp","href":"https:\/\/api.w.org\/{rel}","templated":true}]}}