{"id":59813,"date":"2026-03-26T11:19:02","date_gmt":"2026-03-26T10:19:02","guid":{"rendered":"https:\/\/le-grenier.org\/index.php\/produit\/soupiere-gien\/"},"modified":"2026-03-26T11:23:40","modified_gmt":"2026-03-26T10:23:40","slug":"soupiere-gien","status":"publish","type":"product","link":"https:\/\/le-grenier.org\/index.php\/produit\/soupiere-gien\/","title":{"rendered":"Soupi\u00e8re Gien"},"content":{"rendered":"<p>\u2728 Soupi\u00e8re ancienne en terre de fer \u2013 Fa\u00efencerie de Gien \u2728<\/p>\n<p>Superbe soupi\u00e8re vintage en terre de fer, orn\u00e9e d\u2019un \u00e9l\u00e9gant d\u00e9cor floral rouge au charme intemporel.<\/p>\n<p>Son motif raffin\u00e9 et graphique apporte une touche r\u00e9tro chic, parfaite pour sublimer une table, enrichir une collection ou d\u00e9corer une vitrine dans un esprit brocante ou maison de campagne.<\/p>\n<p>Cette pi\u00e8ce ancienne s\u00e9duit par sa belle brillance et sa qualit\u00e9 de fabrication. Elle est en tr\u00e8s bon \u00e9tat g\u00e9n\u00e9ral, avec une patine authentique qui t\u00e9moigne de son histoire.<\/p>\n<p>\ud83d\udccf Dimensions :<\/p>\n<p>\u2022 Diam\u00e8tre : environ 28 cm<\/p>\n<p>\u2022 Hauteur : environ 19 cm (avec poign\u00e9es)<\/p>\n<p>\ud83c\udffa \u00c0 propos de la Fa\u00efencerie de Gien<\/p>\n<p>Fond\u00e9e en 1821, la Fa\u00efencerie de Gien est l\u2019une des manufactures fran\u00e7aises les plus embl\u00e9matiques dans l\u2019art de la c\u00e9ramique. R\u00e9put\u00e9e pour la finesse de ses d\u00e9cors et la qualit\u00e9 de sa terre de fer, elle a su traverser les \u00e9poques en proposant des pi\u00e8ces \u00e0 la fois \u00e9l\u00e9gantes et durables. Tr\u00e8s pris\u00e9es des collectionneurs, les cr\u00e9ations de Gien refl\u00e8tent le savoir-faire artisanal fran\u00e7ais et s\u2019inspirent souvent de styles historiques ou naturalistes, ce qui leur conf\u00e8re aujourd\u2019hui une vraie valeur d\u00e9corative et patrimoniale.<\/p>\n<p>\u2e3b<\/p>\n<p>\ud83d\udccd Remise en main propre : Amiens ou Th\u00e9zy-Glimont<\/p>\n<p>\ud83d\udce6 Exp\u00e9dition possible : envoi rapide et soigneusement prot\u00e9g\u00e9<\/p>\n","protected":false},"excerpt":{"rendered":"<p>\u2728 Soupi\u00e8re ancienne en terre de fer \u2013 Fa\u00efencerie de Gien \u2728 Superbe soupi\u00e8re vintage en terre de fer, orn\u00e9e&hellip;<\/p>\n","protected":false},"featured_media":59814,"template":"","meta":{"ngg_post_thumbnail":0},"product_cat":[40,46],"product_tag":[],"yoast_head":"<!-- This site is optimized with the Yoast SEO plugin v17.9 - https:\/\/yoast.com\/wordpress\/plugins\/seo\/ -->\n<title>Soupi\u00e8re Gien - Le Grenier - brocante et am\u00e9nagement<\/title>\n<meta name=\"robots\" content=\"index, follow, max-snippet:-1, max-image-preview:large, max-video-preview:-1\" \/>\n<link rel=\"canonical\" href=\"https:\/\/le-grenier.org\/index.php\/produit\/soupiere-gien\/\" \/>\n<meta property=\"og:locale\" content=\"fr_FR\" \/>\n<meta property=\"og:type\" content=\"article\" \/>\n<meta property=\"og:title\" content=\"Soupi\u00e8re Gien - Le Grenier - brocante et am\u00e9nagement\" \/>\n<meta property=\"og:description\" content=\"\u2728 Soupi\u00e8re ancienne en terre de fer \u2013 Fa\u00efencerie de Gien \u2728 Superbe soupi\u00e8re vintage en terre de fer, orn\u00e9e&hellip;\" \/>\n<meta property=\"og:url\" content=\"https:\/\/le-grenier.org\/index.php\/produit\/soupiere-gien\/\" \/>\n<meta property=\"og:site_name\" content=\"Le Grenier - brocante et am\u00e9nagement\" \/>\n<meta property=\"article:modified_time\" content=\"2026-03-26T10:23:40+00:00\" \/>\n<meta name=\"twitter:card\" content=\"summary_large_image\" \/>\n<meta name=\"twitter:label1\" content=\"Dur\u00e9e de lecture estim\u00e9e\" \/>\n\t<meta name=\"twitter:data1\" content=\"1 minute\" \/>\n<script type=\"application\/ld+json\" class=\"yoast-schema-graph\">{\"@context\":\"https:\/\/schema.org\",\"@graph\":[{\"@type\":\"WebSite\",\"@id\":\"https:\/\/le-grenier.org\/#website\",\"url\":\"https:\/\/le-grenier.org\/\",\"name\":\"Le Grenier - brocante et am\\u00e9nagement\",\"description\":\"\",\"potentialAction\":[{\"@type\":\"SearchAction\",\"target\":{\"@type\":\"EntryPoint\",\"urlTemplate\":\"https:\/\/le-grenier.org\/?s={search_term_string}\"},\"query-input\":\"required name=search_term_string\"}],\"inLanguage\":\"fr-FR\"},{\"@type\":\"ImageObject\",\"@id\":\"https:\/\/le-grenier.org\/index.php\/produit\/soupiere-gien\/#primaryimage\",\"inLanguage\":\"fr-FR\",\"url\":\"https:\/\/le-grenier.org\/wp-content\/uploads\/2026\/03\/img_4921.jpeg\",\"contentUrl\":\"https:\/\/le-grenier.org\/wp-content\/uploads\/2026\/03\/img_4921.jpeg\",\"width\":1170,\"height\":1379,\"caption\":\"Screenshot\"},{\"@type\":\"WebPage\",\"@id\":\"https:\/\/le-grenier.org\/index.php\/produit\/soupiere-gien\/#webpage\",\"url\":\"https:\/\/le-grenier.org\/index.php\/produit\/soupiere-gien\/\",\"name\":\"Soupi\\u00e8re Gien - Le Grenier - brocante et am\\u00e9nagement\",\"isPartOf\":{\"@id\":\"https:\/\/le-grenier.org\/#website\"},\"primaryImageOfPage\":{\"@id\":\"https:\/\/le-grenier.org\/index.php\/produit\/soupiere-gien\/#primaryimage\"},\"datePublished\":\"2026-03-26T10:19:02+00:00\",\"dateModified\":\"2026-03-26T10:23:40+00:00\",\"breadcrumb\":{\"@id\":\"https:\/\/le-grenier.org\/index.php\/produit\/soupiere-gien\/#breadcrumb\"},\"inLanguage\":\"fr-FR\",\"potentialAction\":[{\"@type\":\"ReadAction\",\"target\":[\"https:\/\/le-grenier.org\/index.php\/produit\/soupiere-gien\/\"]}]},{\"@type\":\"BreadcrumbList\",\"@id\":\"https:\/\/le-grenier.org\/index.php\/produit\/soupiere-gien\/#breadcrumb\",\"itemListElement\":[{\"@type\":\"ListItem\",\"position\":1,\"name\":\"Accueil\",\"item\":\"https:\/\/le-grenier.org\/\"},{\"@type\":\"ListItem\",\"position\":2,\"name\":\"Boutique en ligne\",\"item\":\"https:\/\/le-grenier.org\/\"},{\"@type\":\"ListItem\",\"position\":3,\"name\":\"Soupi\\u00e8re Gien\"}]}]}<\/script>\n<!-- \/ Yoast SEO plugin. -->","yoast_head_json":{"title":"Soupi\u00e8re Gien - Le Grenier - brocante et am\u00e9nagement","robots":{"index":"index","follow":"follow","max-snippet":"max-snippet:-1","max-image-preview":"max-image-preview:large","max-video-preview":"max-video-preview:-1"},"canonical":"https:\/\/le-grenier.org\/index.php\/produit\/soupiere-gien\/","og_locale":"fr_FR","og_type":"article","og_title":"Soupi\u00e8re Gien - Le Grenier - brocante et am\u00e9nagement","og_description":"\u2728 Soupi\u00e8re ancienne en terre de fer \u2013 Fa\u00efencerie de Gien \u2728 Superbe soupi\u00e8re vintage en terre de fer, orn\u00e9e&hellip;","og_url":"https:\/\/le-grenier.org\/index.php\/produit\/soupiere-gien\/","og_site_name":"Le Grenier - brocante et am\u00e9nagement","article_modified_time":"2026-03-26T10:23:40+00:00","twitter_card":"summary_large_image","twitter_misc":{"Dur\u00e9e de lecture estim\u00e9e":"1 minute"},"schema":{"@context":"https:\/\/schema.org","@graph":[{"@type":"WebSite","@id":"https:\/\/le-grenier.org\/#website","url":"https:\/\/le-grenier.org\/","name":"Le Grenier - brocante et am\u00e9nagement","description":"","potentialAction":[{"@type":"SearchAction","target":{"@type":"EntryPoint","urlTemplate":"https:\/\/le-grenier.org\/?s={search_term_string}"},"query-input":"required name=search_term_string"}],"inLanguage":"fr-FR"},{"@type":"ImageObject","@id":"https:\/\/le-grenier.org\/index.php\/produit\/soupiere-gien\/#primaryimage","inLanguage":"fr-FR","url":"https:\/\/le-grenier.org\/wp-content\/uploads\/2026\/03\/img_4921.jpeg","contentUrl":"https:\/\/le-grenier.org\/wp-content\/uploads\/2026\/03\/img_4921.jpeg","width":1170,"height":1379,"caption":"Screenshot"},{"@type":"WebPage","@id":"https:\/\/le-grenier.org\/index.php\/produit\/soupiere-gien\/#webpage","url":"https:\/\/le-grenier.org\/index.php\/produit\/soupiere-gien\/","name":"Soupi\u00e8re Gien - Le Grenier - brocante et am\u00e9nagement","isPartOf":{"@id":"https:\/\/le-grenier.org\/#website"},"primaryImageOfPage":{"@id":"https:\/\/le-grenier.org\/index.php\/produit\/soupiere-gien\/#primaryimage"},"datePublished":"2026-03-26T10:19:02+00:00","dateModified":"2026-03-26T10:23:40+00:00","breadcrumb":{"@id":"https:\/\/le-grenier.org\/index.php\/produit\/soupiere-gien\/#breadcrumb"},"inLanguage":"fr-FR","potentialAction":[{"@type":"ReadAction","target":["https:\/\/le-grenier.org\/index.php\/produit\/soupiere-gien\/"]}]},{"@type":"BreadcrumbList","@id":"https:\/\/le-grenier.org\/index.php\/produit\/soupiere-gien\/#breadcrumb","itemListElement":[{"@type":"ListItem","position":1,"name":"Accueil","item":"https:\/\/le-grenier.org\/"},{"@type":"ListItem","position":2,"name":"Boutique en ligne","item":"https:\/\/le-grenier.org\/"},{"@type":"ListItem","position":3,"name":"Soupi\u00e8re Gien"}]}]}},"_links":{"self":[{"href":"https:\/\/le-grenier.org\/index.php\/wp-json\/wp\/v2\/product\/59813"}],"collection":[{"href":"https:\/\/le-grenier.org\/index.php\/wp-json\/wp\/v2\/product"}],"about":[{"href":"https:\/\/le-grenier.org\/index.php\/wp-json\/wp\/v2\/types\/product"}],"wp:featuredmedia":[{"embeddable":true,"href":"https:\/\/le-grenier.org\/index.php\/wp-json\/wp\/v2\/media\/59814"}],"wp:attachment":[{"href":"https:\/\/le-grenier.org\/index.php\/wp-json\/wp\/v2\/media?parent=59813"}],"wp:term":[{"taxonomy":"product_cat","embeddable":true,"href":"https:\/\/le-grenier.org\/index.php\/wp-json\/wp\/v2\/product_cat?post=59813"},{"taxonomy":"product_tag","embeddable":true,"href":"https:\/\/le-grenier.org\/index.php\/wp-json\/wp\/v2\/product_tag?post=59813"}],"curies":[{"name":"wp","href":"https:\/\/api.w.org\/{rel}","templated":true}]}}