{"id":59863,"date":"2026-05-04T19:00:33","date_gmt":"2026-05-04T17:00:33","guid":{"rendered":"https:\/\/le-grenier.org\/index.php\/produit\/table-bistrot-11\/"},"modified":"2026-05-04T19:22:51","modified_gmt":"2026-05-04T17:22:51","slug":"table-bistrot-11","status":"publish","type":"product","link":"https:\/\/le-grenier.org\/index.php\/produit\/table-bistrot-11\/","title":{"rendered":"Table bistrot"},"content":{"rendered":"<p>Table de bistrot ovale en marbre \u2013 pi\u00e8tement en fonte<\/p>\n<p>\u00c9l\u00e9gante table de bistrot au charme intemporel, compos\u00e9e d\u2019un plateau ovale en marbre blanc vein\u00e9 gris et noir et d\u2019un pi\u00e8tement en fonte noire avec entretoise crois\u00e9e assurant une excellente stabilit\u00e9.<\/p>\n<p>Inspir\u00e9e des tables de caf\u00e9s parisiens, cette pi\u00e8ce allie mat\u00e9riaux nobles, robustesse et \u00e9l\u00e9gance. Elle trouvera facilement sa place dans une cuisine, une salle \u00e0 manger, une v\u00e9randa ou un jardin couvert.<\/p>\n<p>Son format ovale est id\u00e9al pour 2 \u00e0 4 personnes et apporte une touche authentique et raffin\u00e9e \u00e0 tout int\u00e9rieur.<\/p>\n<p>Dimensions :<\/p>\n<p>\u2022 Longueur : 120 cm<\/p>\n<p>\u2022 Largeur : 60 cm<\/p>\n<p>\u2022 Hauteur : 72cm<\/p>\n<p>\u00c9tat : excellent \u00e9tat, marbre avec belles nuances naturelles.<\/p>\n<p>Parfaite comme table de cuisine, table d\u2019appoint ou table de bistrot pour bar, restaurant ou caf\u00e9.<\/p>\n","protected":false},"excerpt":{"rendered":"<p>Table de bistrot ovale en marbre \u2013 pi\u00e8tement en fonte \u00c9l\u00e9gante table de bistrot au charme intemporel, compos\u00e9e d\u2019un plateau&hellip;<\/p>\n","protected":false},"featured_media":59864,"template":"","meta":{"ngg_post_thumbnail":0},"product_cat":[56,29],"product_tag":[],"yoast_head":"<!-- This site is optimized with the Yoast SEO plugin v17.9 - https:\/\/yoast.com\/wordpress\/plugins\/seo\/ -->\n<title>Table bistrot - Le Grenier - brocante et am\u00e9nagement<\/title>\n<meta name=\"robots\" content=\"index, follow, max-snippet:-1, max-image-preview:large, max-video-preview:-1\" \/>\n<link rel=\"canonical\" href=\"https:\/\/le-grenier.org\/index.php\/produit\/table-bistrot-11\/\" \/>\n<meta property=\"og:locale\" content=\"fr_FR\" \/>\n<meta property=\"og:type\" content=\"article\" \/>\n<meta property=\"og:title\" content=\"Table bistrot - Le Grenier - brocante et am\u00e9nagement\" \/>\n<meta property=\"og:description\" content=\"Table de bistrot ovale en marbre \u2013 pi\u00e8tement en fonte \u00c9l\u00e9gante table de bistrot au charme intemporel, compos\u00e9e d\u2019un plateau&hellip;\" \/>\n<meta property=\"og:url\" content=\"https:\/\/le-grenier.org\/index.php\/produit\/table-bistrot-11\/\" \/>\n<meta property=\"og:site_name\" content=\"Le Grenier - brocante et am\u00e9nagement\" \/>\n<meta property=\"article:modified_time\" content=\"2026-05-04T17:22:51+00:00\" \/>\n<meta name=\"twitter:card\" content=\"summary_large_image\" \/>\n<meta name=\"twitter:label1\" content=\"Dur\u00e9e de lecture estim\u00e9e\" \/>\n\t<meta name=\"twitter:data1\" content=\"1 minute\" \/>\n<script type=\"application\/ld+json\" class=\"yoast-schema-graph\">{\"@context\":\"https:\/\/schema.org\",\"@graph\":[{\"@type\":\"WebSite\",\"@id\":\"https:\/\/le-grenier.org\/#website\",\"url\":\"https:\/\/le-grenier.org\/\",\"name\":\"Le Grenier - brocante et am\\u00e9nagement\",\"description\":\"\",\"potentialAction\":[{\"@type\":\"SearchAction\",\"target\":{\"@type\":\"EntryPoint\",\"urlTemplate\":\"https:\/\/le-grenier.org\/?s={search_term_string}\"},\"query-input\":\"required name=search_term_string\"}],\"inLanguage\":\"fr-FR\"},{\"@type\":\"ImageObject\",\"@id\":\"https:\/\/le-grenier.org\/index.php\/produit\/table-bistrot-11\/#primaryimage\",\"inLanguage\":\"fr-FR\",\"url\":\"https:\/\/le-grenier.org\/wp-content\/uploads\/2026\/05\/img_5541.jpeg\",\"contentUrl\":\"https:\/\/le-grenier.org\/wp-content\/uploads\/2026\/05\/img_5541.jpeg\",\"width\":1170,\"height\":1625,\"caption\":\"Screenshot\"},{\"@type\":\"WebPage\",\"@id\":\"https:\/\/le-grenier.org\/index.php\/produit\/table-bistrot-11\/#webpage\",\"url\":\"https:\/\/le-grenier.org\/index.php\/produit\/table-bistrot-11\/\",\"name\":\"Table bistrot - Le Grenier - brocante et am\\u00e9nagement\",\"isPartOf\":{\"@id\":\"https:\/\/le-grenier.org\/#website\"},\"primaryImageOfPage\":{\"@id\":\"https:\/\/le-grenier.org\/index.php\/produit\/table-bistrot-11\/#primaryimage\"},\"datePublished\":\"2026-05-04T17:00:33+00:00\",\"dateModified\":\"2026-05-04T17:22:51+00:00\",\"breadcrumb\":{\"@id\":\"https:\/\/le-grenier.org\/index.php\/produit\/table-bistrot-11\/#breadcrumb\"},\"inLanguage\":\"fr-FR\",\"potentialAction\":[{\"@type\":\"ReadAction\",\"target\":[\"https:\/\/le-grenier.org\/index.php\/produit\/table-bistrot-11\/\"]}]},{\"@type\":\"BreadcrumbList\",\"@id\":\"https:\/\/le-grenier.org\/index.php\/produit\/table-bistrot-11\/#breadcrumb\",\"itemListElement\":[{\"@type\":\"ListItem\",\"position\":1,\"name\":\"Accueil\",\"item\":\"https:\/\/le-grenier.org\/\"},{\"@type\":\"ListItem\",\"position\":2,\"name\":\"Boutique en ligne\",\"item\":\"https:\/\/le-grenier.org\/\"},{\"@type\":\"ListItem\",\"position\":3,\"name\":\"Table bistrot\"}]}]}<\/script>\n<!-- \/ Yoast SEO plugin. -->","yoast_head_json":{"title":"Table bistrot - Le Grenier - brocante et am\u00e9nagement","robots":{"index":"index","follow":"follow","max-snippet":"max-snippet:-1","max-image-preview":"max-image-preview:large","max-video-preview":"max-video-preview:-1"},"canonical":"https:\/\/le-grenier.org\/index.php\/produit\/table-bistrot-11\/","og_locale":"fr_FR","og_type":"article","og_title":"Table bistrot - Le Grenier - brocante et am\u00e9nagement","og_description":"Table de bistrot ovale en marbre \u2013 pi\u00e8tement en fonte \u00c9l\u00e9gante table de bistrot au charme intemporel, compos\u00e9e d\u2019un plateau&hellip;","og_url":"https:\/\/le-grenier.org\/index.php\/produit\/table-bistrot-11\/","og_site_name":"Le Grenier - brocante et am\u00e9nagement","article_modified_time":"2026-05-04T17:22:51+00:00","twitter_card":"summary_large_image","twitter_misc":{"Dur\u00e9e de lecture estim\u00e9e":"1 minute"},"schema":{"@context":"https:\/\/schema.org","@graph":[{"@type":"WebSite","@id":"https:\/\/le-grenier.org\/#website","url":"https:\/\/le-grenier.org\/","name":"Le Grenier - brocante et am\u00e9nagement","description":"","potentialAction":[{"@type":"SearchAction","target":{"@type":"EntryPoint","urlTemplate":"https:\/\/le-grenier.org\/?s={search_term_string}"},"query-input":"required name=search_term_string"}],"inLanguage":"fr-FR"},{"@type":"ImageObject","@id":"https:\/\/le-grenier.org\/index.php\/produit\/table-bistrot-11\/#primaryimage","inLanguage":"fr-FR","url":"https:\/\/le-grenier.org\/wp-content\/uploads\/2026\/05\/img_5541.jpeg","contentUrl":"https:\/\/le-grenier.org\/wp-content\/uploads\/2026\/05\/img_5541.jpeg","width":1170,"height":1625,"caption":"Screenshot"},{"@type":"WebPage","@id":"https:\/\/le-grenier.org\/index.php\/produit\/table-bistrot-11\/#webpage","url":"https:\/\/le-grenier.org\/index.php\/produit\/table-bistrot-11\/","name":"Table bistrot - Le Grenier - brocante et am\u00e9nagement","isPartOf":{"@id":"https:\/\/le-grenier.org\/#website"},"primaryImageOfPage":{"@id":"https:\/\/le-grenier.org\/index.php\/produit\/table-bistrot-11\/#primaryimage"},"datePublished":"2026-05-04T17:00:33+00:00","dateModified":"2026-05-04T17:22:51+00:00","breadcrumb":{"@id":"https:\/\/le-grenier.org\/index.php\/produit\/table-bistrot-11\/#breadcrumb"},"inLanguage":"fr-FR","potentialAction":[{"@type":"ReadAction","target":["https:\/\/le-grenier.org\/index.php\/produit\/table-bistrot-11\/"]}]},{"@type":"BreadcrumbList","@id":"https:\/\/le-grenier.org\/index.php\/produit\/table-bistrot-11\/#breadcrumb","itemListElement":[{"@type":"ListItem","position":1,"name":"Accueil","item":"https:\/\/le-grenier.org\/"},{"@type":"ListItem","position":2,"name":"Boutique en ligne","item":"https:\/\/le-grenier.org\/"},{"@type":"ListItem","position":3,"name":"Table bistrot"}]}]}},"_links":{"self":[{"href":"https:\/\/le-grenier.org\/index.php\/wp-json\/wp\/v2\/product\/59863"}],"collection":[{"href":"https:\/\/le-grenier.org\/index.php\/wp-json\/wp\/v2\/product"}],"about":[{"href":"https:\/\/le-grenier.org\/index.php\/wp-json\/wp\/v2\/types\/product"}],"wp:featuredmedia":[{"embeddable":true,"href":"https:\/\/le-grenier.org\/index.php\/wp-json\/wp\/v2\/media\/59864"}],"wp:attachment":[{"href":"https:\/\/le-grenier.org\/index.php\/wp-json\/wp\/v2\/media?parent=59863"}],"wp:term":[{"taxonomy":"product_cat","embeddable":true,"href":"https:\/\/le-grenier.org\/index.php\/wp-json\/wp\/v2\/product_cat?post=59863"},{"taxonomy":"product_tag","embeddable":true,"href":"https:\/\/le-grenier.org\/index.php\/wp-json\/wp\/v2\/product_tag?post=59863"}],"curies":[{"name":"wp","href":"https:\/\/api.w.org\/{rel}","templated":true}]}}