{"id":59880,"date":"2026-05-04T19:40:40","date_gmt":"2026-05-04T17:40:40","guid":{"rendered":"https:\/\/le-grenier.org\/index.php\/produit\/armoire-en-bois\/"},"modified":"2026-05-04T20:57:33","modified_gmt":"2026-05-04T18:57:33","slug":"armoire-en-bois","status":"publish","type":"product","link":"https:\/\/le-grenier.org\/index.php\/produit\/armoire-en-bois\/","title":{"rendered":"Armoire en bois"},"content":{"rendered":"<p>\u2728 Superbe armoire parisienne en bois massif \u2728<\/p>\n<p>Apportez du charme et de l\u2019authenticit\u00e9 \u00e0 votre int\u00e9rieur avec cette \u00e9l\u00e9gante armoire ancienne. Son bois massif patin\u00e9 et ses lignes sobres en font une pi\u00e8ce aussi pratique que d\u00e9corative.<\/p>\n<p>\ud83d\udccf Dimensions :<\/p>\n<p>\u2022 Largeur : 108 cm<\/p>\n<p>\u2022 Profondeur : 50 cm<\/p>\n<p>\u2022 Hauteur : 230 cm<\/p>\n<p>Son faible encombrement au sol associ\u00e9 \u00e0 sa grande hauteur en fait un meuble id\u00e9al pour optimiser l\u2019espace tout en conservant une belle capacit\u00e9 de rangement. Parfaite pour une ambiance chaleureuse et intemporelle.<\/p>\n<p>\u2e3b<\/p>\n<p>\ud83d\uded2 Disponible d\u00e8s maintenant sur notre boutique en ligne :<\/p>\n<p>\ud83d\udc49 www.le-grenier.org<\/p>\n<p>#armoireancienne #mobilierancien #brocante #decoauthentique #vintagehome #interieurchaleureux #charmeancien<\/p>\n","protected":false},"excerpt":{"rendered":"<p>\u2728 Superbe armoire parisienne en bois massif \u2728 Apportez du charme et de l\u2019authenticit\u00e9 \u00e0 votre int\u00e9rieur avec cette \u00e9l\u00e9gante&hellip;<\/p>\n","protected":false},"featured_media":59882,"template":"","meta":{"ngg_post_thumbnail":0},"product_cat":[40,22],"product_tag":[],"yoast_head":"<!-- This site is optimized with the Yoast SEO plugin v17.9 - https:\/\/yoast.com\/wordpress\/plugins\/seo\/ -->\n<title>Armoire en bois - Le Grenier - brocante et am\u00e9nagement<\/title>\n<meta name=\"robots\" content=\"index, follow, max-snippet:-1, max-image-preview:large, max-video-preview:-1\" \/>\n<link rel=\"canonical\" href=\"https:\/\/le-grenier.org\/index.php\/produit\/armoire-en-bois\/\" \/>\n<meta property=\"og:locale\" content=\"fr_FR\" \/>\n<meta property=\"og:type\" content=\"article\" \/>\n<meta property=\"og:title\" content=\"Armoire en bois - Le Grenier - brocante et am\u00e9nagement\" \/>\n<meta property=\"og:description\" content=\"\u2728 Superbe armoire parisienne en bois massif \u2728 Apportez du charme et de l\u2019authenticit\u00e9 \u00e0 votre int\u00e9rieur avec cette \u00e9l\u00e9gante&hellip;\" \/>\n<meta property=\"og:url\" content=\"https:\/\/le-grenier.org\/index.php\/produit\/armoire-en-bois\/\" \/>\n<meta property=\"og:site_name\" content=\"Le Grenier - brocante et am\u00e9nagement\" \/>\n<meta property=\"article:modified_time\" content=\"2026-05-04T18:57:33+00:00\" \/>\n<meta name=\"twitter:card\" content=\"summary_large_image\" \/>\n<meta name=\"twitter:label1\" content=\"Dur\u00e9e de lecture estim\u00e9e\" \/>\n\t<meta name=\"twitter:data1\" content=\"1 minute\" \/>\n<script type=\"application\/ld+json\" class=\"yoast-schema-graph\">{\"@context\":\"https:\/\/schema.org\",\"@graph\":[{\"@type\":\"WebSite\",\"@id\":\"https:\/\/le-grenier.org\/#website\",\"url\":\"https:\/\/le-grenier.org\/\",\"name\":\"Le Grenier - brocante et am\\u00e9nagement\",\"description\":\"\",\"potentialAction\":[{\"@type\":\"SearchAction\",\"target\":{\"@type\":\"EntryPoint\",\"urlTemplate\":\"https:\/\/le-grenier.org\/?s={search_term_string}\"},\"query-input\":\"required name=search_term_string\"}],\"inLanguage\":\"fr-FR\"},{\"@type\":\"ImageObject\",\"@id\":\"https:\/\/le-grenier.org\/index.php\/produit\/armoire-en-bois\/#primaryimage\",\"inLanguage\":\"fr-FR\",\"url\":\"https:\/\/le-grenier.org\/wp-content\/uploads\/2026\/05\/img_5543.png\",\"contentUrl\":\"https:\/\/le-grenier.org\/wp-content\/uploads\/2026\/05\/img_5543.png\",\"width\":433,\"height\":577},{\"@type\":\"WebPage\",\"@id\":\"https:\/\/le-grenier.org\/index.php\/produit\/armoire-en-bois\/#webpage\",\"url\":\"https:\/\/le-grenier.org\/index.php\/produit\/armoire-en-bois\/\",\"name\":\"Armoire en bois - Le Grenier - brocante et am\\u00e9nagement\",\"isPartOf\":{\"@id\":\"https:\/\/le-grenier.org\/#website\"},\"primaryImageOfPage\":{\"@id\":\"https:\/\/le-grenier.org\/index.php\/produit\/armoire-en-bois\/#primaryimage\"},\"datePublished\":\"2026-05-04T17:40:40+00:00\",\"dateModified\":\"2026-05-04T18:57:33+00:00\",\"breadcrumb\":{\"@id\":\"https:\/\/le-grenier.org\/index.php\/produit\/armoire-en-bois\/#breadcrumb\"},\"inLanguage\":\"fr-FR\",\"potentialAction\":[{\"@type\":\"ReadAction\",\"target\":[\"https:\/\/le-grenier.org\/index.php\/produit\/armoire-en-bois\/\"]}]},{\"@type\":\"BreadcrumbList\",\"@id\":\"https:\/\/le-grenier.org\/index.php\/produit\/armoire-en-bois\/#breadcrumb\",\"itemListElement\":[{\"@type\":\"ListItem\",\"position\":1,\"name\":\"Accueil\",\"item\":\"https:\/\/le-grenier.org\/\"},{\"@type\":\"ListItem\",\"position\":2,\"name\":\"Boutique en ligne\",\"item\":\"https:\/\/le-grenier.org\/\"},{\"@type\":\"ListItem\",\"position\":3,\"name\":\"Armoire en bois\"}]}]}<\/script>\n<!-- \/ Yoast SEO plugin. -->","yoast_head_json":{"title":"Armoire en bois - Le Grenier - brocante et am\u00e9nagement","robots":{"index":"index","follow":"follow","max-snippet":"max-snippet:-1","max-image-preview":"max-image-preview:large","max-video-preview":"max-video-preview:-1"},"canonical":"https:\/\/le-grenier.org\/index.php\/produit\/armoire-en-bois\/","og_locale":"fr_FR","og_type":"article","og_title":"Armoire en bois - Le Grenier - brocante et am\u00e9nagement","og_description":"\u2728 Superbe armoire parisienne en bois massif \u2728 Apportez du charme et de l\u2019authenticit\u00e9 \u00e0 votre int\u00e9rieur avec cette \u00e9l\u00e9gante&hellip;","og_url":"https:\/\/le-grenier.org\/index.php\/produit\/armoire-en-bois\/","og_site_name":"Le Grenier - brocante et am\u00e9nagement","article_modified_time":"2026-05-04T18:57:33+00:00","twitter_card":"summary_large_image","twitter_misc":{"Dur\u00e9e de lecture estim\u00e9e":"1 minute"},"schema":{"@context":"https:\/\/schema.org","@graph":[{"@type":"WebSite","@id":"https:\/\/le-grenier.org\/#website","url":"https:\/\/le-grenier.org\/","name":"Le Grenier - brocante et am\u00e9nagement","description":"","potentialAction":[{"@type":"SearchAction","target":{"@type":"EntryPoint","urlTemplate":"https:\/\/le-grenier.org\/?s={search_term_string}"},"query-input":"required name=search_term_string"}],"inLanguage":"fr-FR"},{"@type":"ImageObject","@id":"https:\/\/le-grenier.org\/index.php\/produit\/armoire-en-bois\/#primaryimage","inLanguage":"fr-FR","url":"https:\/\/le-grenier.org\/wp-content\/uploads\/2026\/05\/img_5543.png","contentUrl":"https:\/\/le-grenier.org\/wp-content\/uploads\/2026\/05\/img_5543.png","width":433,"height":577},{"@type":"WebPage","@id":"https:\/\/le-grenier.org\/index.php\/produit\/armoire-en-bois\/#webpage","url":"https:\/\/le-grenier.org\/index.php\/produit\/armoire-en-bois\/","name":"Armoire en bois - Le Grenier - brocante et am\u00e9nagement","isPartOf":{"@id":"https:\/\/le-grenier.org\/#website"},"primaryImageOfPage":{"@id":"https:\/\/le-grenier.org\/index.php\/produit\/armoire-en-bois\/#primaryimage"},"datePublished":"2026-05-04T17:40:40+00:00","dateModified":"2026-05-04T18:57:33+00:00","breadcrumb":{"@id":"https:\/\/le-grenier.org\/index.php\/produit\/armoire-en-bois\/#breadcrumb"},"inLanguage":"fr-FR","potentialAction":[{"@type":"ReadAction","target":["https:\/\/le-grenier.org\/index.php\/produit\/armoire-en-bois\/"]}]},{"@type":"BreadcrumbList","@id":"https:\/\/le-grenier.org\/index.php\/produit\/armoire-en-bois\/#breadcrumb","itemListElement":[{"@type":"ListItem","position":1,"name":"Accueil","item":"https:\/\/le-grenier.org\/"},{"@type":"ListItem","position":2,"name":"Boutique en ligne","item":"https:\/\/le-grenier.org\/"},{"@type":"ListItem","position":3,"name":"Armoire en bois"}]}]}},"_links":{"self":[{"href":"https:\/\/le-grenier.org\/index.php\/wp-json\/wp\/v2\/product\/59880"}],"collection":[{"href":"https:\/\/le-grenier.org\/index.php\/wp-json\/wp\/v2\/product"}],"about":[{"href":"https:\/\/le-grenier.org\/index.php\/wp-json\/wp\/v2\/types\/product"}],"wp:featuredmedia":[{"embeddable":true,"href":"https:\/\/le-grenier.org\/index.php\/wp-json\/wp\/v2\/media\/59882"}],"wp:attachment":[{"href":"https:\/\/le-grenier.org\/index.php\/wp-json\/wp\/v2\/media?parent=59880"}],"wp:term":[{"taxonomy":"product_cat","embeddable":true,"href":"https:\/\/le-grenier.org\/index.php\/wp-json\/wp\/v2\/product_cat?post=59880"},{"taxonomy":"product_tag","embeddable":true,"href":"https:\/\/le-grenier.org\/index.php\/wp-json\/wp\/v2\/product_tag?post=59880"}],"curies":[{"name":"wp","href":"https:\/\/api.w.org\/{rel}","templated":true}]}}