{"id":59896,"date":"2026-05-07T12:19:13","date_gmt":"2026-05-07T10:19:13","guid":{"rendered":"https:\/\/le-grenier.org\/index.php\/produit\/miroir-dore-17\/"},"modified":"2026-05-07T12:22:57","modified_gmt":"2026-05-07T10:22:57","slug":"miroir-dore-17","status":"publish","type":"product","link":"https:\/\/le-grenier.org\/index.php\/produit\/miroir-dore-17\/","title":{"rendered":"Miroir dor\u00e9"},"content":{"rendered":"<p>Grand miroir dor\u00e9 \u00e0 d\u00e9cor de bl\u00e9 \ud83c\udf3e<\/p>\n<p>\u00c9l\u00e9gant miroir ancien au charme intemporel, orn\u00e9 d\u2019un joli d\u00e9cor de bl\u00e9 ajour\u00e9 en partie haute.<br \/>\nSa belle patine dor\u00e9e et ses lignes sobres en font une pi\u00e8ce d\u00e9corative id\u00e9ale dans une entr\u00e9e, une chambre ou un salon.<\/p>\n<p>\u2728 Format g\u00e9n\u00e9reux<br \/>\n\ud83d\udccf Dimensions : 85 x 127 cm<br \/>\n\ud83e\ude9e Bon \u00e9tat g\u00e9n\u00e9ral<br \/>\nStructure stable et d\u00e9cor bien conserv\u00e9.<\/p>\n<p>\u2e3b<\/p>\n<p>\ud83d\udccd Remise en main propre : Amiens ou Th\u00e9zy-Glimont<br \/>\n\ud83d\udce6 Exp\u00e9dition possible \u2014 envoi rapide et soigneusement prot\u00e9g\u00e9<\/p>\n","protected":false},"excerpt":{"rendered":"<p>Grand miroir dor\u00e9 \u00e0 d\u00e9cor de bl\u00e9 \ud83c\udf3e \u00c9l\u00e9gant miroir ancien au charme intemporel, orn\u00e9 d\u2019un joli d\u00e9cor de bl\u00e9&hellip;<\/p>\n","protected":false},"featured_media":59897,"template":"","meta":{"ngg_post_thumbnail":0},"product_cat":[40,33],"product_tag":[],"yoast_head":"<!-- This site is optimized with the Yoast SEO plugin v17.9 - https:\/\/yoast.com\/wordpress\/plugins\/seo\/ -->\n<title>Miroir dor\u00e9 - Le Grenier - brocante et am\u00e9nagement<\/title>\n<meta name=\"robots\" content=\"index, follow, max-snippet:-1, max-image-preview:large, max-video-preview:-1\" \/>\n<link rel=\"canonical\" href=\"https:\/\/le-grenier.org\/index.php\/produit\/miroir-dore-17\/\" \/>\n<meta property=\"og:locale\" content=\"fr_FR\" \/>\n<meta property=\"og:type\" content=\"article\" \/>\n<meta property=\"og:title\" content=\"Miroir dor\u00e9 - Le Grenier - brocante et am\u00e9nagement\" \/>\n<meta property=\"og:description\" content=\"Grand miroir dor\u00e9 \u00e0 d\u00e9cor de bl\u00e9 \ud83c\udf3e \u00c9l\u00e9gant miroir ancien au charme intemporel, orn\u00e9 d\u2019un joli d\u00e9cor de bl\u00e9&hellip;\" \/>\n<meta property=\"og:url\" content=\"https:\/\/le-grenier.org\/index.php\/produit\/miroir-dore-17\/\" \/>\n<meta property=\"og:site_name\" content=\"Le Grenier - brocante et am\u00e9nagement\" \/>\n<meta property=\"article:modified_time\" content=\"2026-05-07T10:22:57+00:00\" \/>\n<meta name=\"twitter:card\" content=\"summary_large_image\" \/>\n<script type=\"application\/ld+json\" class=\"yoast-schema-graph\">{\"@context\":\"https:\/\/schema.org\",\"@graph\":[{\"@type\":\"WebSite\",\"@id\":\"https:\/\/le-grenier.org\/#website\",\"url\":\"https:\/\/le-grenier.org\/\",\"name\":\"Le Grenier - brocante et am\\u00e9nagement\",\"description\":\"\",\"potentialAction\":[{\"@type\":\"SearchAction\",\"target\":{\"@type\":\"EntryPoint\",\"urlTemplate\":\"https:\/\/le-grenier.org\/?s={search_term_string}\"},\"query-input\":\"required name=search_term_string\"}],\"inLanguage\":\"fr-FR\"},{\"@type\":\"ImageObject\",\"@id\":\"https:\/\/le-grenier.org\/index.php\/produit\/miroir-dore-17\/#primaryimage\",\"inLanguage\":\"fr-FR\",\"url\":\"https:\/\/le-grenier.org\/wp-content\/uploads\/2026\/05\/img_5573.jpeg\",\"contentUrl\":\"https:\/\/le-grenier.org\/wp-content\/uploads\/2026\/05\/img_5573.jpeg\",\"width\":1170,\"height\":2015,\"caption\":\"Screenshot\"},{\"@type\":\"WebPage\",\"@id\":\"https:\/\/le-grenier.org\/index.php\/produit\/miroir-dore-17\/#webpage\",\"url\":\"https:\/\/le-grenier.org\/index.php\/produit\/miroir-dore-17\/\",\"name\":\"Miroir dor\\u00e9 - Le Grenier - brocante et am\\u00e9nagement\",\"isPartOf\":{\"@id\":\"https:\/\/le-grenier.org\/#website\"},\"primaryImageOfPage\":{\"@id\":\"https:\/\/le-grenier.org\/index.php\/produit\/miroir-dore-17\/#primaryimage\"},\"datePublished\":\"2026-05-07T10:19:13+00:00\",\"dateModified\":\"2026-05-07T10:22:57+00:00\",\"breadcrumb\":{\"@id\":\"https:\/\/le-grenier.org\/index.php\/produit\/miroir-dore-17\/#breadcrumb\"},\"inLanguage\":\"fr-FR\",\"potentialAction\":[{\"@type\":\"ReadAction\",\"target\":[\"https:\/\/le-grenier.org\/index.php\/produit\/miroir-dore-17\/\"]}]},{\"@type\":\"BreadcrumbList\",\"@id\":\"https:\/\/le-grenier.org\/index.php\/produit\/miroir-dore-17\/#breadcrumb\",\"itemListElement\":[{\"@type\":\"ListItem\",\"position\":1,\"name\":\"Accueil\",\"item\":\"https:\/\/le-grenier.org\/\"},{\"@type\":\"ListItem\",\"position\":2,\"name\":\"Boutique en ligne\",\"item\":\"https:\/\/le-grenier.org\/\"},{\"@type\":\"ListItem\",\"position\":3,\"name\":\"Miroir dor\\u00e9\"}]}]}<\/script>\n<!-- \/ Yoast SEO plugin. -->","yoast_head_json":{"title":"Miroir dor\u00e9 - Le Grenier - brocante et am\u00e9nagement","robots":{"index":"index","follow":"follow","max-snippet":"max-snippet:-1","max-image-preview":"max-image-preview:large","max-video-preview":"max-video-preview:-1"},"canonical":"https:\/\/le-grenier.org\/index.php\/produit\/miroir-dore-17\/","og_locale":"fr_FR","og_type":"article","og_title":"Miroir dor\u00e9 - Le Grenier - brocante et am\u00e9nagement","og_description":"Grand miroir dor\u00e9 \u00e0 d\u00e9cor de bl\u00e9 \ud83c\udf3e \u00c9l\u00e9gant miroir ancien au charme intemporel, orn\u00e9 d\u2019un joli d\u00e9cor de bl\u00e9&hellip;","og_url":"https:\/\/le-grenier.org\/index.php\/produit\/miroir-dore-17\/","og_site_name":"Le Grenier - brocante et am\u00e9nagement","article_modified_time":"2026-05-07T10:22:57+00:00","twitter_card":"summary_large_image","schema":{"@context":"https:\/\/schema.org","@graph":[{"@type":"WebSite","@id":"https:\/\/le-grenier.org\/#website","url":"https:\/\/le-grenier.org\/","name":"Le Grenier - brocante et am\u00e9nagement","description":"","potentialAction":[{"@type":"SearchAction","target":{"@type":"EntryPoint","urlTemplate":"https:\/\/le-grenier.org\/?s={search_term_string}"},"query-input":"required name=search_term_string"}],"inLanguage":"fr-FR"},{"@type":"ImageObject","@id":"https:\/\/le-grenier.org\/index.php\/produit\/miroir-dore-17\/#primaryimage","inLanguage":"fr-FR","url":"https:\/\/le-grenier.org\/wp-content\/uploads\/2026\/05\/img_5573.jpeg","contentUrl":"https:\/\/le-grenier.org\/wp-content\/uploads\/2026\/05\/img_5573.jpeg","width":1170,"height":2015,"caption":"Screenshot"},{"@type":"WebPage","@id":"https:\/\/le-grenier.org\/index.php\/produit\/miroir-dore-17\/#webpage","url":"https:\/\/le-grenier.org\/index.php\/produit\/miroir-dore-17\/","name":"Miroir dor\u00e9 - Le Grenier - brocante et am\u00e9nagement","isPartOf":{"@id":"https:\/\/le-grenier.org\/#website"},"primaryImageOfPage":{"@id":"https:\/\/le-grenier.org\/index.php\/produit\/miroir-dore-17\/#primaryimage"},"datePublished":"2026-05-07T10:19:13+00:00","dateModified":"2026-05-07T10:22:57+00:00","breadcrumb":{"@id":"https:\/\/le-grenier.org\/index.php\/produit\/miroir-dore-17\/#breadcrumb"},"inLanguage":"fr-FR","potentialAction":[{"@type":"ReadAction","target":["https:\/\/le-grenier.org\/index.php\/produit\/miroir-dore-17\/"]}]},{"@type":"BreadcrumbList","@id":"https:\/\/le-grenier.org\/index.php\/produit\/miroir-dore-17\/#breadcrumb","itemListElement":[{"@type":"ListItem","position":1,"name":"Accueil","item":"https:\/\/le-grenier.org\/"},{"@type":"ListItem","position":2,"name":"Boutique en ligne","item":"https:\/\/le-grenier.org\/"},{"@type":"ListItem","position":3,"name":"Miroir dor\u00e9"}]}]}},"_links":{"self":[{"href":"https:\/\/le-grenier.org\/index.php\/wp-json\/wp\/v2\/product\/59896"}],"collection":[{"href":"https:\/\/le-grenier.org\/index.php\/wp-json\/wp\/v2\/product"}],"about":[{"href":"https:\/\/le-grenier.org\/index.php\/wp-json\/wp\/v2\/types\/product"}],"wp:featuredmedia":[{"embeddable":true,"href":"https:\/\/le-grenier.org\/index.php\/wp-json\/wp\/v2\/media\/59897"}],"wp:attachment":[{"href":"https:\/\/le-grenier.org\/index.php\/wp-json\/wp\/v2\/media?parent=59896"}],"wp:term":[{"taxonomy":"product_cat","embeddable":true,"href":"https:\/\/le-grenier.org\/index.php\/wp-json\/wp\/v2\/product_cat?post=59896"},{"taxonomy":"product_tag","embeddable":true,"href":"https:\/\/le-grenier.org\/index.php\/wp-json\/wp\/v2\/product_tag?post=59896"}],"curies":[{"name":"wp","href":"https:\/\/api.w.org\/{rel}","templated":true}]}}