{"id":59903,"date":"2026-05-08T14:50:21","date_gmt":"2026-05-08T12:50:21","guid":{"rendered":"https:\/\/le-grenier.org\/index.php\/produit\/tabouret-skai\/"},"modified":"2026-05-08T14:53:19","modified_gmt":"2026-05-08T12:53:19","slug":"tabouret-skai","status":"publish","type":"product","link":"https:\/\/le-grenier.org\/index.php\/produit\/tabouret-skai\/","title":{"rendered":"Tabouret Ska\u00ef"},"content":{"rendered":"<p>Tabouret vintage en m\u00e9tal chrom\u00e9 et ska\u00ef marron \u2013 Collomb Mobilier<\/p>\n<p>\u00c9l\u00e9gant tabouret au design sobre et intemporel, compos\u00e9 d\u2019une structure en m\u00e9tal chrom\u00e9 et d\u2019une assise en ska\u00ef marron.<br \/>\nId\u00e9al dans une cuisine, un atelier, un bureau ou pour une d\u00e9coration vintage \/ industrielle.<\/p>\n<p>Bon \u00e9tat g\u00e9n\u00e9ral avec une belle patine d\u2019usage.<\/p>\n<p>\ud83d\udccf Dimensions :<br \/>\n\u2022 Hauteur : 48 cm<br \/>\n\u2022 Diam\u00e8tre de l\u2019assise : 29 cm<\/p>\n<p>\u2e3b<\/p>\n<p>\ud83d\udccd Remise en main propre possible \u00e0 Amiens ou Th\u00e9zy-Glimont<br \/>\n\ud83d\udce6 Exp\u00e9dition possible : envoi rapide et soigneusement prot\u00e9g\u00e9<\/p>\n","protected":false},"excerpt":{"rendered":"<p>Tabouret vintage en m\u00e9tal chrom\u00e9 et ska\u00ef marron \u2013 Collomb Mobilier \u00c9l\u00e9gant tabouret au design sobre et intemporel, compos\u00e9 d\u2019une&hellip;<\/p>\n","protected":false},"featured_media":59904,"template":"","meta":{"ngg_post_thumbnail":0},"product_cat":[39,24],"product_tag":[],"yoast_head":"<!-- This site is optimized with the Yoast SEO plugin v17.9 - https:\/\/yoast.com\/wordpress\/plugins\/seo\/ -->\n<title>Tabouret Ska\u00ef - Le Grenier - brocante et am\u00e9nagement<\/title>\n<meta name=\"robots\" content=\"index, follow, max-snippet:-1, max-image-preview:large, max-video-preview:-1\" \/>\n<link rel=\"canonical\" href=\"https:\/\/le-grenier.org\/index.php\/produit\/tabouret-skai\/\" \/>\n<meta property=\"og:locale\" content=\"fr_FR\" \/>\n<meta property=\"og:type\" content=\"article\" \/>\n<meta property=\"og:title\" content=\"Tabouret Ska\u00ef - Le Grenier - brocante et am\u00e9nagement\" \/>\n<meta property=\"og:description\" content=\"Tabouret vintage en m\u00e9tal chrom\u00e9 et ska\u00ef marron \u2013 Collomb Mobilier \u00c9l\u00e9gant tabouret au design sobre et intemporel, compos\u00e9 d\u2019une&hellip;\" \/>\n<meta property=\"og:url\" content=\"https:\/\/le-grenier.org\/index.php\/produit\/tabouret-skai\/\" \/>\n<meta property=\"og:site_name\" content=\"Le Grenier - brocante et am\u00e9nagement\" \/>\n<meta property=\"article:modified_time\" content=\"2026-05-08T12:53:19+00:00\" \/>\n<meta name=\"twitter:card\" content=\"summary_large_image\" \/>\n<script type=\"application\/ld+json\" class=\"yoast-schema-graph\">{\"@context\":\"https:\/\/schema.org\",\"@graph\":[{\"@type\":\"WebSite\",\"@id\":\"https:\/\/le-grenier.org\/#website\",\"url\":\"https:\/\/le-grenier.org\/\",\"name\":\"Le Grenier - brocante et am\\u00e9nagement\",\"description\":\"\",\"potentialAction\":[{\"@type\":\"SearchAction\",\"target\":{\"@type\":\"EntryPoint\",\"urlTemplate\":\"https:\/\/le-grenier.org\/?s={search_term_string}\"},\"query-input\":\"required name=search_term_string\"}],\"inLanguage\":\"fr-FR\"},{\"@type\":\"ImageObject\",\"@id\":\"https:\/\/le-grenier.org\/index.php\/produit\/tabouret-skai\/#primaryimage\",\"inLanguage\":\"fr-FR\",\"url\":\"https:\/\/le-grenier.org\/wp-content\/uploads\/2026\/05\/img_5586.jpeg\",\"contentUrl\":\"https:\/\/le-grenier.org\/wp-content\/uploads\/2026\/05\/img_5586.jpeg\",\"width\":1170,\"height\":1648,\"caption\":\"Screenshot\"},{\"@type\":\"WebPage\",\"@id\":\"https:\/\/le-grenier.org\/index.php\/produit\/tabouret-skai\/#webpage\",\"url\":\"https:\/\/le-grenier.org\/index.php\/produit\/tabouret-skai\/\",\"name\":\"Tabouret Ska\\u00ef - Le Grenier - brocante et am\\u00e9nagement\",\"isPartOf\":{\"@id\":\"https:\/\/le-grenier.org\/#website\"},\"primaryImageOfPage\":{\"@id\":\"https:\/\/le-grenier.org\/index.php\/produit\/tabouret-skai\/#primaryimage\"},\"datePublished\":\"2026-05-08T12:50:21+00:00\",\"dateModified\":\"2026-05-08T12:53:19+00:00\",\"breadcrumb\":{\"@id\":\"https:\/\/le-grenier.org\/index.php\/produit\/tabouret-skai\/#breadcrumb\"},\"inLanguage\":\"fr-FR\",\"potentialAction\":[{\"@type\":\"ReadAction\",\"target\":[\"https:\/\/le-grenier.org\/index.php\/produit\/tabouret-skai\/\"]}]},{\"@type\":\"BreadcrumbList\",\"@id\":\"https:\/\/le-grenier.org\/index.php\/produit\/tabouret-skai\/#breadcrumb\",\"itemListElement\":[{\"@type\":\"ListItem\",\"position\":1,\"name\":\"Accueil\",\"item\":\"https:\/\/le-grenier.org\/\"},{\"@type\":\"ListItem\",\"position\":2,\"name\":\"Boutique en ligne\",\"item\":\"https:\/\/le-grenier.org\/\"},{\"@type\":\"ListItem\",\"position\":3,\"name\":\"Tabouret Ska\\u00ef\"}]}]}<\/script>\n<!-- \/ Yoast SEO plugin. -->","yoast_head_json":{"title":"Tabouret Ska\u00ef - Le Grenier - brocante et am\u00e9nagement","robots":{"index":"index","follow":"follow","max-snippet":"max-snippet:-1","max-image-preview":"max-image-preview:large","max-video-preview":"max-video-preview:-1"},"canonical":"https:\/\/le-grenier.org\/index.php\/produit\/tabouret-skai\/","og_locale":"fr_FR","og_type":"article","og_title":"Tabouret Ska\u00ef - Le Grenier - brocante et am\u00e9nagement","og_description":"Tabouret vintage en m\u00e9tal chrom\u00e9 et ska\u00ef marron \u2013 Collomb Mobilier \u00c9l\u00e9gant tabouret au design sobre et intemporel, compos\u00e9 d\u2019une&hellip;","og_url":"https:\/\/le-grenier.org\/index.php\/produit\/tabouret-skai\/","og_site_name":"Le Grenier - brocante et am\u00e9nagement","article_modified_time":"2026-05-08T12:53:19+00:00","twitter_card":"summary_large_image","schema":{"@context":"https:\/\/schema.org","@graph":[{"@type":"WebSite","@id":"https:\/\/le-grenier.org\/#website","url":"https:\/\/le-grenier.org\/","name":"Le Grenier - brocante et am\u00e9nagement","description":"","potentialAction":[{"@type":"SearchAction","target":{"@type":"EntryPoint","urlTemplate":"https:\/\/le-grenier.org\/?s={search_term_string}"},"query-input":"required name=search_term_string"}],"inLanguage":"fr-FR"},{"@type":"ImageObject","@id":"https:\/\/le-grenier.org\/index.php\/produit\/tabouret-skai\/#primaryimage","inLanguage":"fr-FR","url":"https:\/\/le-grenier.org\/wp-content\/uploads\/2026\/05\/img_5586.jpeg","contentUrl":"https:\/\/le-grenier.org\/wp-content\/uploads\/2026\/05\/img_5586.jpeg","width":1170,"height":1648,"caption":"Screenshot"},{"@type":"WebPage","@id":"https:\/\/le-grenier.org\/index.php\/produit\/tabouret-skai\/#webpage","url":"https:\/\/le-grenier.org\/index.php\/produit\/tabouret-skai\/","name":"Tabouret Ska\u00ef - Le Grenier - brocante et am\u00e9nagement","isPartOf":{"@id":"https:\/\/le-grenier.org\/#website"},"primaryImageOfPage":{"@id":"https:\/\/le-grenier.org\/index.php\/produit\/tabouret-skai\/#primaryimage"},"datePublished":"2026-05-08T12:50:21+00:00","dateModified":"2026-05-08T12:53:19+00:00","breadcrumb":{"@id":"https:\/\/le-grenier.org\/index.php\/produit\/tabouret-skai\/#breadcrumb"},"inLanguage":"fr-FR","potentialAction":[{"@type":"ReadAction","target":["https:\/\/le-grenier.org\/index.php\/produit\/tabouret-skai\/"]}]},{"@type":"BreadcrumbList","@id":"https:\/\/le-grenier.org\/index.php\/produit\/tabouret-skai\/#breadcrumb","itemListElement":[{"@type":"ListItem","position":1,"name":"Accueil","item":"https:\/\/le-grenier.org\/"},{"@type":"ListItem","position":2,"name":"Boutique en ligne","item":"https:\/\/le-grenier.org\/"},{"@type":"ListItem","position":3,"name":"Tabouret Ska\u00ef"}]}]}},"_links":{"self":[{"href":"https:\/\/le-grenier.org\/index.php\/wp-json\/wp\/v2\/product\/59903"}],"collection":[{"href":"https:\/\/le-grenier.org\/index.php\/wp-json\/wp\/v2\/product"}],"about":[{"href":"https:\/\/le-grenier.org\/index.php\/wp-json\/wp\/v2\/types\/product"}],"wp:featuredmedia":[{"embeddable":true,"href":"https:\/\/le-grenier.org\/index.php\/wp-json\/wp\/v2\/media\/59904"}],"wp:attachment":[{"href":"https:\/\/le-grenier.org\/index.php\/wp-json\/wp\/v2\/media?parent=59903"}],"wp:term":[{"taxonomy":"product_cat","embeddable":true,"href":"https:\/\/le-grenier.org\/index.php\/wp-json\/wp\/v2\/product_cat?post=59903"},{"taxonomy":"product_tag","embeddable":true,"href":"https:\/\/le-grenier.org\/index.php\/wp-json\/wp\/v2\/product_tag?post=59903"}],"curies":[{"name":"wp","href":"https:\/\/api.w.org\/{rel}","templated":true}]}}