{"id":59911,"date":"2026-05-09T15:25:44","date_gmt":"2026-05-09T13:25:44","guid":{"rendered":"https:\/\/le-grenier.org\/index.php\/produit\/cornet-de-frites\/"},"modified":"2026-05-09T15:46:40","modified_gmt":"2026-05-09T13:46:40","slug":"cornet-de-frites","status":"publish","type":"product","link":"https:\/\/le-grenier.org\/index.php\/produit\/cornet-de-frites\/","title":{"rendered":"Cornet de frites"},"content":{"rendered":"<p>\ud83c\udf5f Objet publicitaire vintage \u2013 Cornet de frites \u201cLolo la Frite\u201d<\/p>\n<p>Apportez une touche r\u00e9tro et originale \u00e0 votre d\u00e9co ou \u00e0 votre commerce avec cet objet publicitaire embl\u00e9matique !<\/p>\n<p>\ud83d\udd38 Cornet de frites g\u00e9ant en fibre de verre<br \/>\n\ud83d\udd38 Couleurs vives : rouge et jaune<br \/>\n\ud83d\udd38 Marque : Lolo la Frite<br \/>\n\ud83d\udd38 Hauteur : 80 cm<br \/>\n\ud83d\udd38 Diam\u00e8tre : 45 cm<\/p>\n<p>\ud83d\udca1 Id\u00e9al pour : d\u00e9coration de snack, food truck, restaurant, ou collection d\u2019objets publicitaires vintage.<\/p>\n<p>\u26a0\ufe0f \u00c9tat : tr\u00e8s bon \u00e9tat g\u00e9n\u00e9ral avec une petite fissure au niveau du pied<\/p>\n<p>\ud83d\udccd Remise en main propre : Amiens ou Th\u00e9zy-Glimont<\/p>\n","protected":false},"excerpt":{"rendered":"<p>\ud83c\udf5f Objet publicitaire vintage \u2013 Cornet de frites \u201cLolo la Frite\u201d Apportez une touche r\u00e9tro et originale \u00e0 votre d\u00e9co&hellip;<\/p>\n","protected":false},"featured_media":59912,"template":"","meta":{"ngg_post_thumbnail":0},"product_cat":[38,58,53,23],"product_tag":[],"yoast_head":"<!-- This site is optimized with the Yoast SEO plugin v17.9 - https:\/\/yoast.com\/wordpress\/plugins\/seo\/ -->\n<title>Cornet de frites - Le Grenier - brocante et am\u00e9nagement<\/title>\n<meta name=\"robots\" content=\"index, follow, max-snippet:-1, max-image-preview:large, max-video-preview:-1\" \/>\n<link rel=\"canonical\" href=\"https:\/\/le-grenier.org\/index.php\/produit\/cornet-de-frites\/\" \/>\n<meta property=\"og:locale\" content=\"fr_FR\" \/>\n<meta property=\"og:type\" content=\"article\" \/>\n<meta property=\"og:title\" content=\"Cornet de frites - Le Grenier - brocante et am\u00e9nagement\" \/>\n<meta property=\"og:description\" content=\"\ud83c\udf5f Objet publicitaire vintage \u2013 Cornet de frites \u201cLolo la Frite\u201d Apportez une touche r\u00e9tro et originale \u00e0 votre d\u00e9co&hellip;\" \/>\n<meta property=\"og:url\" content=\"https:\/\/le-grenier.org\/index.php\/produit\/cornet-de-frites\/\" \/>\n<meta property=\"og:site_name\" content=\"Le Grenier - brocante et am\u00e9nagement\" \/>\n<meta property=\"article:modified_time\" content=\"2026-05-09T13:46:40+00:00\" \/>\n<meta name=\"twitter:card\" content=\"summary_large_image\" \/>\n<script type=\"application\/ld+json\" class=\"yoast-schema-graph\">{\"@context\":\"https:\/\/schema.org\",\"@graph\":[{\"@type\":\"WebSite\",\"@id\":\"https:\/\/le-grenier.org\/#website\",\"url\":\"https:\/\/le-grenier.org\/\",\"name\":\"Le Grenier - brocante et am\\u00e9nagement\",\"description\":\"\",\"potentialAction\":[{\"@type\":\"SearchAction\",\"target\":{\"@type\":\"EntryPoint\",\"urlTemplate\":\"https:\/\/le-grenier.org\/?s={search_term_string}\"},\"query-input\":\"required name=search_term_string\"}],\"inLanguage\":\"fr-FR\"},{\"@type\":\"ImageObject\",\"@id\":\"https:\/\/le-grenier.org\/index.php\/produit\/cornet-de-frites\/#primaryimage\",\"inLanguage\":\"fr-FR\",\"url\":\"https:\/\/le-grenier.org\/wp-content\/uploads\/2026\/05\/img_5596.jpeg\",\"contentUrl\":\"https:\/\/le-grenier.org\/wp-content\/uploads\/2026\/05\/img_5596.jpeg\",\"width\":1170,\"height\":1491,\"caption\":\"Screenshot\"},{\"@type\":\"WebPage\",\"@id\":\"https:\/\/le-grenier.org\/index.php\/produit\/cornet-de-frites\/#webpage\",\"url\":\"https:\/\/le-grenier.org\/index.php\/produit\/cornet-de-frites\/\",\"name\":\"Cornet de frites - Le Grenier - brocante et am\\u00e9nagement\",\"isPartOf\":{\"@id\":\"https:\/\/le-grenier.org\/#website\"},\"primaryImageOfPage\":{\"@id\":\"https:\/\/le-grenier.org\/index.php\/produit\/cornet-de-frites\/#primaryimage\"},\"datePublished\":\"2026-05-09T13:25:44+00:00\",\"dateModified\":\"2026-05-09T13:46:40+00:00\",\"breadcrumb\":{\"@id\":\"https:\/\/le-grenier.org\/index.php\/produit\/cornet-de-frites\/#breadcrumb\"},\"inLanguage\":\"fr-FR\",\"potentialAction\":[{\"@type\":\"ReadAction\",\"target\":[\"https:\/\/le-grenier.org\/index.php\/produit\/cornet-de-frites\/\"]}]},{\"@type\":\"BreadcrumbList\",\"@id\":\"https:\/\/le-grenier.org\/index.php\/produit\/cornet-de-frites\/#breadcrumb\",\"itemListElement\":[{\"@type\":\"ListItem\",\"position\":1,\"name\":\"Accueil\",\"item\":\"https:\/\/le-grenier.org\/\"},{\"@type\":\"ListItem\",\"position\":2,\"name\":\"Boutique en ligne\",\"item\":\"https:\/\/le-grenier.org\/\"},{\"@type\":\"ListItem\",\"position\":3,\"name\":\"Cornet de frites\"}]}]}<\/script>\n<!-- \/ Yoast SEO plugin. -->","yoast_head_json":{"title":"Cornet de frites - Le Grenier - brocante et am\u00e9nagement","robots":{"index":"index","follow":"follow","max-snippet":"max-snippet:-1","max-image-preview":"max-image-preview:large","max-video-preview":"max-video-preview:-1"},"canonical":"https:\/\/le-grenier.org\/index.php\/produit\/cornet-de-frites\/","og_locale":"fr_FR","og_type":"article","og_title":"Cornet de frites - Le Grenier - brocante et am\u00e9nagement","og_description":"\ud83c\udf5f Objet publicitaire vintage \u2013 Cornet de frites \u201cLolo la Frite\u201d Apportez une touche r\u00e9tro et originale \u00e0 votre d\u00e9co&hellip;","og_url":"https:\/\/le-grenier.org\/index.php\/produit\/cornet-de-frites\/","og_site_name":"Le Grenier - brocante et am\u00e9nagement","article_modified_time":"2026-05-09T13:46:40+00:00","twitter_card":"summary_large_image","schema":{"@context":"https:\/\/schema.org","@graph":[{"@type":"WebSite","@id":"https:\/\/le-grenier.org\/#website","url":"https:\/\/le-grenier.org\/","name":"Le Grenier - brocante et am\u00e9nagement","description":"","potentialAction":[{"@type":"SearchAction","target":{"@type":"EntryPoint","urlTemplate":"https:\/\/le-grenier.org\/?s={search_term_string}"},"query-input":"required name=search_term_string"}],"inLanguage":"fr-FR"},{"@type":"ImageObject","@id":"https:\/\/le-grenier.org\/index.php\/produit\/cornet-de-frites\/#primaryimage","inLanguage":"fr-FR","url":"https:\/\/le-grenier.org\/wp-content\/uploads\/2026\/05\/img_5596.jpeg","contentUrl":"https:\/\/le-grenier.org\/wp-content\/uploads\/2026\/05\/img_5596.jpeg","width":1170,"height":1491,"caption":"Screenshot"},{"@type":"WebPage","@id":"https:\/\/le-grenier.org\/index.php\/produit\/cornet-de-frites\/#webpage","url":"https:\/\/le-grenier.org\/index.php\/produit\/cornet-de-frites\/","name":"Cornet de frites - Le Grenier - brocante et am\u00e9nagement","isPartOf":{"@id":"https:\/\/le-grenier.org\/#website"},"primaryImageOfPage":{"@id":"https:\/\/le-grenier.org\/index.php\/produit\/cornet-de-frites\/#primaryimage"},"datePublished":"2026-05-09T13:25:44+00:00","dateModified":"2026-05-09T13:46:40+00:00","breadcrumb":{"@id":"https:\/\/le-grenier.org\/index.php\/produit\/cornet-de-frites\/#breadcrumb"},"inLanguage":"fr-FR","potentialAction":[{"@type":"ReadAction","target":["https:\/\/le-grenier.org\/index.php\/produit\/cornet-de-frites\/"]}]},{"@type":"BreadcrumbList","@id":"https:\/\/le-grenier.org\/index.php\/produit\/cornet-de-frites\/#breadcrumb","itemListElement":[{"@type":"ListItem","position":1,"name":"Accueil","item":"https:\/\/le-grenier.org\/"},{"@type":"ListItem","position":2,"name":"Boutique en ligne","item":"https:\/\/le-grenier.org\/"},{"@type":"ListItem","position":3,"name":"Cornet de frites"}]}]}},"_links":{"self":[{"href":"https:\/\/le-grenier.org\/index.php\/wp-json\/wp\/v2\/product\/59911"}],"collection":[{"href":"https:\/\/le-grenier.org\/index.php\/wp-json\/wp\/v2\/product"}],"about":[{"href":"https:\/\/le-grenier.org\/index.php\/wp-json\/wp\/v2\/types\/product"}],"wp:featuredmedia":[{"embeddable":true,"href":"https:\/\/le-grenier.org\/index.php\/wp-json\/wp\/v2\/media\/59912"}],"wp:attachment":[{"href":"https:\/\/le-grenier.org\/index.php\/wp-json\/wp\/v2\/media?parent=59911"}],"wp:term":[{"taxonomy":"product_cat","embeddable":true,"href":"https:\/\/le-grenier.org\/index.php\/wp-json\/wp\/v2\/product_cat?post=59911"},{"taxonomy":"product_tag","embeddable":true,"href":"https:\/\/le-grenier.org\/index.php\/wp-json\/wp\/v2\/product_tag?post=59911"}],"curies":[{"name":"wp","href":"https:\/\/api.w.org\/{rel}","templated":true}]}}