{"id":59921,"date":"2026-05-10T16:46:00","date_gmt":"2026-05-10T14:46:00","guid":{"rendered":"https:\/\/le-grenier.org\/index.php\/produit\/porte-bouteille-2\/"},"modified":"2026-05-10T16:48:21","modified_gmt":"2026-05-10T14:48:21","slug":"porte-bouteille-2","status":"publish","type":"product","link":"https:\/\/le-grenier.org\/index.php\/produit\/porte-bouteille-2\/","title":{"rendered":"Porte bouteille"},"content":{"rendered":"<p>\u2728 Et si on prenait un peu d\u2019avance pour la f\u00eate des m\u00e8res ? \ud83c\udf81<\/p>\n<p>Craquez pour ce joli porte-bouteille vintage des ann\u00e9es 70, alliant structure chrom\u00e9e et poign\u00e9e en scoubidou noir \u2014 un design \u00e0 la fois pratique et d\u00e9coratif, parfait pour sublimer une table ou un coin bar.<\/p>\n<p>\ud83e\udeb6 \u00c9l\u00e9gant, l\u00e9ger et plein de charme r\u00e9tro<br \/>\n\ud83d\udccf Dimensions : hauteur 35 cm \u2013 30 x 16 cm<br \/>\n\ud83c\udf77 Id\u00e9al pour pr\u00e9senter une bouteille avec style<\/p>\n<p>\u2e3b<\/p>\n<p>\ud83d\udccd Remise en main propre : Amiens ou Th\u00e9zy-Glimont<br \/>\n\ud83d\udce6 Exp\u00e9dition possible : envoi rapide et soigneusement prot\u00e9g\u00e9<\/p>\n","protected":false},"excerpt":{"rendered":"<p>\u2728 Et si on prenait un peu d\u2019avance pour la f\u00eate des m\u00e8res ? \ud83c\udf81 Craquez pour ce joli porte-bouteille&hellip;<\/p>\n","protected":false},"featured_media":59922,"template":"","meta":{"ngg_post_thumbnail":0},"product_cat":[38,46,27],"product_tag":[],"yoast_head":"<!-- This site is optimized with the Yoast SEO plugin v17.9 - https:\/\/yoast.com\/wordpress\/plugins\/seo\/ -->\n<title>Porte bouteille - Le Grenier - brocante et am\u00e9nagement<\/title>\n<meta name=\"robots\" content=\"index, follow, max-snippet:-1, max-image-preview:large, max-video-preview:-1\" \/>\n<link rel=\"canonical\" href=\"https:\/\/le-grenier.org\/index.php\/produit\/porte-bouteille-2\/\" \/>\n<meta property=\"og:locale\" content=\"fr_FR\" \/>\n<meta property=\"og:type\" content=\"article\" \/>\n<meta property=\"og:title\" content=\"Porte bouteille - Le Grenier - brocante et am\u00e9nagement\" \/>\n<meta property=\"og:description\" content=\"\u2728 Et si on prenait un peu d\u2019avance pour la f\u00eate des m\u00e8res ? \ud83c\udf81 Craquez pour ce joli porte-bouteille&hellip;\" \/>\n<meta property=\"og:url\" content=\"https:\/\/le-grenier.org\/index.php\/produit\/porte-bouteille-2\/\" \/>\n<meta property=\"og:site_name\" content=\"Le Grenier - brocante et am\u00e9nagement\" \/>\n<meta property=\"article:modified_time\" content=\"2026-05-10T14:48:21+00:00\" \/>\n<meta name=\"twitter:card\" content=\"summary_large_image\" \/>\n<script type=\"application\/ld+json\" class=\"yoast-schema-graph\">{\"@context\":\"https:\/\/schema.org\",\"@graph\":[{\"@type\":\"WebSite\",\"@id\":\"https:\/\/le-grenier.org\/#website\",\"url\":\"https:\/\/le-grenier.org\/\",\"name\":\"Le Grenier - brocante et am\\u00e9nagement\",\"description\":\"\",\"potentialAction\":[{\"@type\":\"SearchAction\",\"target\":{\"@type\":\"EntryPoint\",\"urlTemplate\":\"https:\/\/le-grenier.org\/?s={search_term_string}\"},\"query-input\":\"required name=search_term_string\"}],\"inLanguage\":\"fr-FR\"},{\"@type\":\"ImageObject\",\"@id\":\"https:\/\/le-grenier.org\/index.php\/produit\/porte-bouteille-2\/#primaryimage\",\"inLanguage\":\"fr-FR\",\"url\":\"https:\/\/le-grenier.org\/wp-content\/uploads\/2026\/05\/img_5604.jpeg\",\"contentUrl\":\"https:\/\/le-grenier.org\/wp-content\/uploads\/2026\/05\/img_5604.jpeg\",\"width\":1170,\"height\":1013,\"caption\":\"Screenshot\"},{\"@type\":\"WebPage\",\"@id\":\"https:\/\/le-grenier.org\/index.php\/produit\/porte-bouteille-2\/#webpage\",\"url\":\"https:\/\/le-grenier.org\/index.php\/produit\/porte-bouteille-2\/\",\"name\":\"Porte bouteille - Le Grenier - brocante et am\\u00e9nagement\",\"isPartOf\":{\"@id\":\"https:\/\/le-grenier.org\/#website\"},\"primaryImageOfPage\":{\"@id\":\"https:\/\/le-grenier.org\/index.php\/produit\/porte-bouteille-2\/#primaryimage\"},\"datePublished\":\"2026-05-10T14:46:00+00:00\",\"dateModified\":\"2026-05-10T14:48:21+00:00\",\"breadcrumb\":{\"@id\":\"https:\/\/le-grenier.org\/index.php\/produit\/porte-bouteille-2\/#breadcrumb\"},\"inLanguage\":\"fr-FR\",\"potentialAction\":[{\"@type\":\"ReadAction\",\"target\":[\"https:\/\/le-grenier.org\/index.php\/produit\/porte-bouteille-2\/\"]}]},{\"@type\":\"BreadcrumbList\",\"@id\":\"https:\/\/le-grenier.org\/index.php\/produit\/porte-bouteille-2\/#breadcrumb\",\"itemListElement\":[{\"@type\":\"ListItem\",\"position\":1,\"name\":\"Accueil\",\"item\":\"https:\/\/le-grenier.org\/\"},{\"@type\":\"ListItem\",\"position\":2,\"name\":\"Boutique en ligne\",\"item\":\"https:\/\/le-grenier.org\/\"},{\"@type\":\"ListItem\",\"position\":3,\"name\":\"Porte bouteille\"}]}]}<\/script>\n<!-- \/ Yoast SEO plugin. -->","yoast_head_json":{"title":"Porte bouteille - Le Grenier - brocante et am\u00e9nagement","robots":{"index":"index","follow":"follow","max-snippet":"max-snippet:-1","max-image-preview":"max-image-preview:large","max-video-preview":"max-video-preview:-1"},"canonical":"https:\/\/le-grenier.org\/index.php\/produit\/porte-bouteille-2\/","og_locale":"fr_FR","og_type":"article","og_title":"Porte bouteille - Le Grenier - brocante et am\u00e9nagement","og_description":"\u2728 Et si on prenait un peu d\u2019avance pour la f\u00eate des m\u00e8res ? \ud83c\udf81 Craquez pour ce joli porte-bouteille&hellip;","og_url":"https:\/\/le-grenier.org\/index.php\/produit\/porte-bouteille-2\/","og_site_name":"Le Grenier - brocante et am\u00e9nagement","article_modified_time":"2026-05-10T14:48:21+00:00","twitter_card":"summary_large_image","schema":{"@context":"https:\/\/schema.org","@graph":[{"@type":"WebSite","@id":"https:\/\/le-grenier.org\/#website","url":"https:\/\/le-grenier.org\/","name":"Le Grenier - brocante et am\u00e9nagement","description":"","potentialAction":[{"@type":"SearchAction","target":{"@type":"EntryPoint","urlTemplate":"https:\/\/le-grenier.org\/?s={search_term_string}"},"query-input":"required name=search_term_string"}],"inLanguage":"fr-FR"},{"@type":"ImageObject","@id":"https:\/\/le-grenier.org\/index.php\/produit\/porte-bouteille-2\/#primaryimage","inLanguage":"fr-FR","url":"https:\/\/le-grenier.org\/wp-content\/uploads\/2026\/05\/img_5604.jpeg","contentUrl":"https:\/\/le-grenier.org\/wp-content\/uploads\/2026\/05\/img_5604.jpeg","width":1170,"height":1013,"caption":"Screenshot"},{"@type":"WebPage","@id":"https:\/\/le-grenier.org\/index.php\/produit\/porte-bouteille-2\/#webpage","url":"https:\/\/le-grenier.org\/index.php\/produit\/porte-bouteille-2\/","name":"Porte bouteille - Le Grenier - brocante et am\u00e9nagement","isPartOf":{"@id":"https:\/\/le-grenier.org\/#website"},"primaryImageOfPage":{"@id":"https:\/\/le-grenier.org\/index.php\/produit\/porte-bouteille-2\/#primaryimage"},"datePublished":"2026-05-10T14:46:00+00:00","dateModified":"2026-05-10T14:48:21+00:00","breadcrumb":{"@id":"https:\/\/le-grenier.org\/index.php\/produit\/porte-bouteille-2\/#breadcrumb"},"inLanguage":"fr-FR","potentialAction":[{"@type":"ReadAction","target":["https:\/\/le-grenier.org\/index.php\/produit\/porte-bouteille-2\/"]}]},{"@type":"BreadcrumbList","@id":"https:\/\/le-grenier.org\/index.php\/produit\/porte-bouteille-2\/#breadcrumb","itemListElement":[{"@type":"ListItem","position":1,"name":"Accueil","item":"https:\/\/le-grenier.org\/"},{"@type":"ListItem","position":2,"name":"Boutique en ligne","item":"https:\/\/le-grenier.org\/"},{"@type":"ListItem","position":3,"name":"Porte bouteille"}]}]}},"_links":{"self":[{"href":"https:\/\/le-grenier.org\/index.php\/wp-json\/wp\/v2\/product\/59921"}],"collection":[{"href":"https:\/\/le-grenier.org\/index.php\/wp-json\/wp\/v2\/product"}],"about":[{"href":"https:\/\/le-grenier.org\/index.php\/wp-json\/wp\/v2\/types\/product"}],"wp:featuredmedia":[{"embeddable":true,"href":"https:\/\/le-grenier.org\/index.php\/wp-json\/wp\/v2\/media\/59922"}],"wp:attachment":[{"href":"https:\/\/le-grenier.org\/index.php\/wp-json\/wp\/v2\/media?parent=59921"}],"wp:term":[{"taxonomy":"product_cat","embeddable":true,"href":"https:\/\/le-grenier.org\/index.php\/wp-json\/wp\/v2\/product_cat?post=59921"},{"taxonomy":"product_tag","embeddable":true,"href":"https:\/\/le-grenier.org\/index.php\/wp-json\/wp\/v2\/product_tag?post=59921"}],"curies":[{"name":"wp","href":"https:\/\/api.w.org\/{rel}","templated":true}]}}