{"id":59936,"date":"2026-05-12T15:57:33","date_gmt":"2026-05-12T13:57:33","guid":{"rendered":"https:\/\/le-grenier.org\/index.php\/produit\/lit-picot\/"},"modified":"2026-05-12T16:01:01","modified_gmt":"2026-05-12T14:01:01","slug":"lit-picot","status":"publish","type":"product","link":"https:\/\/le-grenier.org\/index.php\/produit\/lit-picot\/","title":{"rendered":"Lit picot"},"content":{"rendered":"<p>\ud83d\udecf\ufe0f Lit picot pliant ancien \u2013 vers 1930<\/p>\n<p>Authentique lit picot \/ lit de camp ancien, datant des ann\u00e9es 1930.<\/p>\n<p>Structure en bois et m\u00e9tal, toile d\u2019origine.<\/p>\n<p>\ud83d\udccf Dimensions :<\/p>\n<p>* Longueur : 196 cm<\/p>\n<p>* Largeur : 79 cm<\/p>\n<p>* Hauteur : 46 cm<\/p>\n<p>\ud83d\udc49 Mod\u00e8le pliant, facile \u00e0 transporter et \u00e0 ranger.<\/p>\n<p>\ud83d\udca1 Id\u00e9al pour :<\/p>\n<p>* d\u00e9coration vintage \/ industrielle<\/p>\n<p>* mise en sc\u00e8ne (boutique, th\u00e9\u00e2tre, photo)<\/p>\n<p>* lit d\u2019appoint occasionnel (\u00e0 restaurer de pr\u00e9f\u00e9rence)<\/p>\n<p>\u26a0\ufe0f \u00c9tat :<\/p>\n<p>Toile d\u2019origine pr\u00e9sentant des traces d\u2019usure et accrocs (trous visibles) \u2014 \u00e0 pr\u00e9voir restauration ou usage d\u00e9co.<\/p>\n<p>\u2e3b<\/p>\n<p>\ud83d\udccd Remise en main propre : Amiens ou Th\u00e9zy-Glimont<\/p>\n<p>\ud83d\udce6 Exp\u00e9dition possible (emballage soign\u00e9)<\/p>\n","protected":false},"excerpt":{"rendered":"<p>\ud83d\udecf\ufe0f Lit picot pliant ancien \u2013 vers 1930 Authentique lit picot \/ lit de camp ancien, datant des ann\u00e9es 1930.&hellip;<\/p>\n","protected":false},"featured_media":59937,"template":"","meta":{"ngg_post_thumbnail":0},"product_cat":[39],"product_tag":[],"yoast_head":"<!-- This site is optimized with the Yoast SEO plugin v17.9 - https:\/\/yoast.com\/wordpress\/plugins\/seo\/ -->\n<title>Lit picot - Le Grenier - brocante et am\u00e9nagement<\/title>\n<meta name=\"robots\" content=\"index, follow, max-snippet:-1, max-image-preview:large, max-video-preview:-1\" \/>\n<link rel=\"canonical\" href=\"https:\/\/le-grenier.org\/index.php\/produit\/lit-picot\/\" \/>\n<meta property=\"og:locale\" content=\"fr_FR\" \/>\n<meta property=\"og:type\" content=\"article\" \/>\n<meta property=\"og:title\" content=\"Lit picot - Le Grenier - brocante et am\u00e9nagement\" \/>\n<meta property=\"og:description\" content=\"\ud83d\udecf\ufe0f Lit picot pliant ancien \u2013 vers 1930 Authentique lit picot \/ lit de camp ancien, datant des ann\u00e9es 1930.&hellip;\" \/>\n<meta property=\"og:url\" content=\"https:\/\/le-grenier.org\/index.php\/produit\/lit-picot\/\" \/>\n<meta property=\"og:site_name\" content=\"Le Grenier - brocante et am\u00e9nagement\" \/>\n<meta property=\"article:modified_time\" content=\"2026-05-12T14:01:01+00:00\" \/>\n<meta name=\"twitter:card\" content=\"summary_large_image\" \/>\n<script type=\"application\/ld+json\" class=\"yoast-schema-graph\">{\"@context\":\"https:\/\/schema.org\",\"@graph\":[{\"@type\":\"WebSite\",\"@id\":\"https:\/\/le-grenier.org\/#website\",\"url\":\"https:\/\/le-grenier.org\/\",\"name\":\"Le Grenier - brocante et am\\u00e9nagement\",\"description\":\"\",\"potentialAction\":[{\"@type\":\"SearchAction\",\"target\":{\"@type\":\"EntryPoint\",\"urlTemplate\":\"https:\/\/le-grenier.org\/?s={search_term_string}\"},\"query-input\":\"required name=search_term_string\"}],\"inLanguage\":\"fr-FR\"},{\"@type\":\"ImageObject\",\"@id\":\"https:\/\/le-grenier.org\/index.php\/produit\/lit-picot\/#primaryimage\",\"inLanguage\":\"fr-FR\",\"url\":\"https:\/\/le-grenier.org\/wp-content\/uploads\/2026\/05\/img_5633.jpeg\",\"contentUrl\":\"https:\/\/le-grenier.org\/wp-content\/uploads\/2026\/05\/img_5633.jpeg\",\"width\":1170,\"height\":1552,\"caption\":\"Screenshot\"},{\"@type\":\"WebPage\",\"@id\":\"https:\/\/le-grenier.org\/index.php\/produit\/lit-picot\/#webpage\",\"url\":\"https:\/\/le-grenier.org\/index.php\/produit\/lit-picot\/\",\"name\":\"Lit picot - Le Grenier - brocante et am\\u00e9nagement\",\"isPartOf\":{\"@id\":\"https:\/\/le-grenier.org\/#website\"},\"primaryImageOfPage\":{\"@id\":\"https:\/\/le-grenier.org\/index.php\/produit\/lit-picot\/#primaryimage\"},\"datePublished\":\"2026-05-12T13:57:33+00:00\",\"dateModified\":\"2026-05-12T14:01:01+00:00\",\"breadcrumb\":{\"@id\":\"https:\/\/le-grenier.org\/index.php\/produit\/lit-picot\/#breadcrumb\"},\"inLanguage\":\"fr-FR\",\"potentialAction\":[{\"@type\":\"ReadAction\",\"target\":[\"https:\/\/le-grenier.org\/index.php\/produit\/lit-picot\/\"]}]},{\"@type\":\"BreadcrumbList\",\"@id\":\"https:\/\/le-grenier.org\/index.php\/produit\/lit-picot\/#breadcrumb\",\"itemListElement\":[{\"@type\":\"ListItem\",\"position\":1,\"name\":\"Accueil\",\"item\":\"https:\/\/le-grenier.org\/\"},{\"@type\":\"ListItem\",\"position\":2,\"name\":\"Boutique en ligne\",\"item\":\"https:\/\/le-grenier.org\/\"},{\"@type\":\"ListItem\",\"position\":3,\"name\":\"Lit picot\"}]}]}<\/script>\n<!-- \/ Yoast SEO plugin. -->","yoast_head_json":{"title":"Lit picot - Le Grenier - brocante et am\u00e9nagement","robots":{"index":"index","follow":"follow","max-snippet":"max-snippet:-1","max-image-preview":"max-image-preview:large","max-video-preview":"max-video-preview:-1"},"canonical":"https:\/\/le-grenier.org\/index.php\/produit\/lit-picot\/","og_locale":"fr_FR","og_type":"article","og_title":"Lit picot - Le Grenier - brocante et am\u00e9nagement","og_description":"\ud83d\udecf\ufe0f Lit picot pliant ancien \u2013 vers 1930 Authentique lit picot \/ lit de camp ancien, datant des ann\u00e9es 1930.&hellip;","og_url":"https:\/\/le-grenier.org\/index.php\/produit\/lit-picot\/","og_site_name":"Le Grenier - brocante et am\u00e9nagement","article_modified_time":"2026-05-12T14:01:01+00:00","twitter_card":"summary_large_image","schema":{"@context":"https:\/\/schema.org","@graph":[{"@type":"WebSite","@id":"https:\/\/le-grenier.org\/#website","url":"https:\/\/le-grenier.org\/","name":"Le Grenier - brocante et am\u00e9nagement","description":"","potentialAction":[{"@type":"SearchAction","target":{"@type":"EntryPoint","urlTemplate":"https:\/\/le-grenier.org\/?s={search_term_string}"},"query-input":"required name=search_term_string"}],"inLanguage":"fr-FR"},{"@type":"ImageObject","@id":"https:\/\/le-grenier.org\/index.php\/produit\/lit-picot\/#primaryimage","inLanguage":"fr-FR","url":"https:\/\/le-grenier.org\/wp-content\/uploads\/2026\/05\/img_5633.jpeg","contentUrl":"https:\/\/le-grenier.org\/wp-content\/uploads\/2026\/05\/img_5633.jpeg","width":1170,"height":1552,"caption":"Screenshot"},{"@type":"WebPage","@id":"https:\/\/le-grenier.org\/index.php\/produit\/lit-picot\/#webpage","url":"https:\/\/le-grenier.org\/index.php\/produit\/lit-picot\/","name":"Lit picot - Le Grenier - brocante et am\u00e9nagement","isPartOf":{"@id":"https:\/\/le-grenier.org\/#website"},"primaryImageOfPage":{"@id":"https:\/\/le-grenier.org\/index.php\/produit\/lit-picot\/#primaryimage"},"datePublished":"2026-05-12T13:57:33+00:00","dateModified":"2026-05-12T14:01:01+00:00","breadcrumb":{"@id":"https:\/\/le-grenier.org\/index.php\/produit\/lit-picot\/#breadcrumb"},"inLanguage":"fr-FR","potentialAction":[{"@type":"ReadAction","target":["https:\/\/le-grenier.org\/index.php\/produit\/lit-picot\/"]}]},{"@type":"BreadcrumbList","@id":"https:\/\/le-grenier.org\/index.php\/produit\/lit-picot\/#breadcrumb","itemListElement":[{"@type":"ListItem","position":1,"name":"Accueil","item":"https:\/\/le-grenier.org\/"},{"@type":"ListItem","position":2,"name":"Boutique en ligne","item":"https:\/\/le-grenier.org\/"},{"@type":"ListItem","position":3,"name":"Lit picot"}]}]}},"_links":{"self":[{"href":"https:\/\/le-grenier.org\/index.php\/wp-json\/wp\/v2\/product\/59936"}],"collection":[{"href":"https:\/\/le-grenier.org\/index.php\/wp-json\/wp\/v2\/product"}],"about":[{"href":"https:\/\/le-grenier.org\/index.php\/wp-json\/wp\/v2\/types\/product"}],"wp:featuredmedia":[{"embeddable":true,"href":"https:\/\/le-grenier.org\/index.php\/wp-json\/wp\/v2\/media\/59937"}],"wp:attachment":[{"href":"https:\/\/le-grenier.org\/index.php\/wp-json\/wp\/v2\/media?parent=59936"}],"wp:term":[{"taxonomy":"product_cat","embeddable":true,"href":"https:\/\/le-grenier.org\/index.php\/wp-json\/wp\/v2\/product_cat?post=59936"},{"taxonomy":"product_tag","embeddable":true,"href":"https:\/\/le-grenier.org\/index.php\/wp-json\/wp\/v2\/product_tag?post=59936"}],"curies":[{"name":"wp","href":"https:\/\/api.w.org\/{rel}","templated":true}]}}