{"id":59938,"date":"2026-05-12T19:09:03","date_gmt":"2026-05-12T17:09:03","guid":{"rendered":"https:\/\/le-grenier.org\/?post_type=product&#038;p=59938"},"modified":"2026-05-12T19:10:12","modified_gmt":"2026-05-12T17:10:12","slug":"lit-enfant-2","status":"publish","type":"product","link":"https:\/\/le-grenier.org\/index.php\/produit\/lit-enfant-2\/","title":{"rendered":"Lit rotin"},"content":{"rendered":"<p>\u2728 Lit enfant vintage en rotin \u2013 Style boh\u00e8me &amp; naturel<\/p>\n<p>Charmant lit enfant en rotin, au design vintage et \u00e9l\u00e9gant. Id\u00e9al pour une chambre au style boh\u00e8me, r\u00e9tro ou nature.<\/p>\n<p>\u2714\ufe0f Structure solide en bon \u00e9tat<\/p>\n<p>\u2714\ufe0f Rotin naturel, chaleureux et intemporel<\/p>\n<p>\u2714\ufe0f Convient parfaitement \u00e0 une d\u00e9coration douce et authentique<\/p>\n<p>Dimensions :<\/p>\n<p>Lit : 132 x 65 cm \u2013 Hauteur : 77 cm<\/p>\n<p>Matelas non fourni : 115 x 61 cm (maximum)<\/p>\n","protected":false},"excerpt":{"rendered":"<p>\u2728 Lit enfant vintage en rotin \u2013 Style boh\u00e8me &amp; naturel Charmant lit enfant en rotin, au design vintage et&hellip;<\/p>\n","protected":false},"featured_media":59944,"template":"","meta":{"ngg_post_thumbnail":0},"product_cat":[44,26],"product_tag":[],"yoast_head":"<!-- This site is optimized with the Yoast SEO plugin v17.9 - https:\/\/yoast.com\/wordpress\/plugins\/seo\/ -->\n<title>Lit rotin - Le Grenier - brocante et am\u00e9nagement<\/title>\n<meta name=\"robots\" content=\"index, follow, max-snippet:-1, max-image-preview:large, max-video-preview:-1\" \/>\n<link rel=\"canonical\" href=\"https:\/\/le-grenier.org\/index.php\/produit\/lit-enfant-2\/\" \/>\n<meta property=\"og:locale\" content=\"fr_FR\" \/>\n<meta property=\"og:type\" content=\"article\" \/>\n<meta property=\"og:title\" content=\"Lit rotin - Le Grenier - brocante et am\u00e9nagement\" \/>\n<meta property=\"og:description\" content=\"\u2728 Lit enfant vintage en rotin \u2013 Style boh\u00e8me &amp; naturel Charmant lit enfant en rotin, au design vintage et&hellip;\" \/>\n<meta property=\"og:url\" content=\"https:\/\/le-grenier.org\/index.php\/produit\/lit-enfant-2\/\" \/>\n<meta property=\"og:site_name\" content=\"Le Grenier - brocante et am\u00e9nagement\" \/>\n<meta property=\"article:modified_time\" content=\"2026-05-12T17:10:12+00:00\" \/>\n<meta property=\"og:image\" content=\"https:\/\/le-grenier.org\/wp-content\/uploads\/2026\/02\/img_4364.jpeg\" \/>\n\t<meta property=\"og:image:width\" content=\"1170\" \/>\n\t<meta property=\"og:image:height\" content=\"1378\" \/>\n\t<meta property=\"og:image:type\" content=\"image\/jpeg\" \/>\n<meta name=\"twitter:card\" content=\"summary_large_image\" \/>\n<script type=\"application\/ld+json\" class=\"yoast-schema-graph\">{\"@context\":\"https:\/\/schema.org\",\"@graph\":[{\"@type\":\"WebSite\",\"@id\":\"https:\/\/le-grenier.org\/#website\",\"url\":\"https:\/\/le-grenier.org\/\",\"name\":\"Le Grenier - brocante et am\\u00e9nagement\",\"description\":\"\",\"potentialAction\":[{\"@type\":\"SearchAction\",\"target\":{\"@type\":\"EntryPoint\",\"urlTemplate\":\"https:\/\/le-grenier.org\/?s={search_term_string}\"},\"query-input\":\"required name=search_term_string\"}],\"inLanguage\":\"fr-FR\"},{\"@type\":\"ImageObject\",\"@id\":\"https:\/\/le-grenier.org\/index.php\/produit\/lit-enfant-2\/#primaryimage\",\"inLanguage\":\"fr-FR\",\"url\":\"https:\/\/le-grenier.org\/wp-content\/uploads\/2026\/05\/img_5641-scaled.jpeg\",\"contentUrl\":\"https:\/\/le-grenier.org\/wp-content\/uploads\/2026\/05\/img_5641-scaled.jpeg\",\"width\":1920,\"height\":2560},{\"@type\":\"WebPage\",\"@id\":\"https:\/\/le-grenier.org\/index.php\/produit\/lit-enfant-2\/#webpage\",\"url\":\"https:\/\/le-grenier.org\/index.php\/produit\/lit-enfant-2\/\",\"name\":\"Lit rotin - Le Grenier - brocante et am\\u00e9nagement\",\"isPartOf\":{\"@id\":\"https:\/\/le-grenier.org\/#website\"},\"primaryImageOfPage\":{\"@id\":\"https:\/\/le-grenier.org\/index.php\/produit\/lit-enfant-2\/#primaryimage\"},\"datePublished\":\"2026-05-12T17:09:03+00:00\",\"dateModified\":\"2026-05-12T17:10:12+00:00\",\"breadcrumb\":{\"@id\":\"https:\/\/le-grenier.org\/index.php\/produit\/lit-enfant-2\/#breadcrumb\"},\"inLanguage\":\"fr-FR\",\"potentialAction\":[{\"@type\":\"ReadAction\",\"target\":[\"https:\/\/le-grenier.org\/index.php\/produit\/lit-enfant-2\/\"]}]},{\"@type\":\"BreadcrumbList\",\"@id\":\"https:\/\/le-grenier.org\/index.php\/produit\/lit-enfant-2\/#breadcrumb\",\"itemListElement\":[{\"@type\":\"ListItem\",\"position\":1,\"name\":\"Accueil\",\"item\":\"https:\/\/le-grenier.org\/\"},{\"@type\":\"ListItem\",\"position\":2,\"name\":\"Boutique en ligne\",\"item\":\"https:\/\/le-grenier.org\/\"},{\"@type\":\"ListItem\",\"position\":3,\"name\":\"Lit rotin\"}]}]}<\/script>\n<!-- \/ Yoast SEO plugin. -->","yoast_head_json":{"title":"Lit rotin - Le Grenier - brocante et am\u00e9nagement","robots":{"index":"index","follow":"follow","max-snippet":"max-snippet:-1","max-image-preview":"max-image-preview:large","max-video-preview":"max-video-preview:-1"},"canonical":"https:\/\/le-grenier.org\/index.php\/produit\/lit-enfant-2\/","og_locale":"fr_FR","og_type":"article","og_title":"Lit rotin - Le Grenier - brocante et am\u00e9nagement","og_description":"\u2728 Lit enfant vintage en rotin \u2013 Style boh\u00e8me &amp; naturel Charmant lit enfant en rotin, au design vintage et&hellip;","og_url":"https:\/\/le-grenier.org\/index.php\/produit\/lit-enfant-2\/","og_site_name":"Le Grenier - brocante et am\u00e9nagement","article_modified_time":"2026-05-12T17:10:12+00:00","og_image":[{"width":1170,"height":1378,"url":"https:\/\/le-grenier.org\/wp-content\/uploads\/2026\/02\/img_4364.jpeg","type":"image\/jpeg"}],"twitter_card":"summary_large_image","schema":{"@context":"https:\/\/schema.org","@graph":[{"@type":"WebSite","@id":"https:\/\/le-grenier.org\/#website","url":"https:\/\/le-grenier.org\/","name":"Le Grenier - brocante et am\u00e9nagement","description":"","potentialAction":[{"@type":"SearchAction","target":{"@type":"EntryPoint","urlTemplate":"https:\/\/le-grenier.org\/?s={search_term_string}"},"query-input":"required name=search_term_string"}],"inLanguage":"fr-FR"},{"@type":"ImageObject","@id":"https:\/\/le-grenier.org\/index.php\/produit\/lit-enfant-2\/#primaryimage","inLanguage":"fr-FR","url":"https:\/\/le-grenier.org\/wp-content\/uploads\/2026\/05\/img_5641-scaled.jpeg","contentUrl":"https:\/\/le-grenier.org\/wp-content\/uploads\/2026\/05\/img_5641-scaled.jpeg","width":1920,"height":2560},{"@type":"WebPage","@id":"https:\/\/le-grenier.org\/index.php\/produit\/lit-enfant-2\/#webpage","url":"https:\/\/le-grenier.org\/index.php\/produit\/lit-enfant-2\/","name":"Lit rotin - Le Grenier - brocante et am\u00e9nagement","isPartOf":{"@id":"https:\/\/le-grenier.org\/#website"},"primaryImageOfPage":{"@id":"https:\/\/le-grenier.org\/index.php\/produit\/lit-enfant-2\/#primaryimage"},"datePublished":"2026-05-12T17:09:03+00:00","dateModified":"2026-05-12T17:10:12+00:00","breadcrumb":{"@id":"https:\/\/le-grenier.org\/index.php\/produit\/lit-enfant-2\/#breadcrumb"},"inLanguage":"fr-FR","potentialAction":[{"@type":"ReadAction","target":["https:\/\/le-grenier.org\/index.php\/produit\/lit-enfant-2\/"]}]},{"@type":"BreadcrumbList","@id":"https:\/\/le-grenier.org\/index.php\/produit\/lit-enfant-2\/#breadcrumb","itemListElement":[{"@type":"ListItem","position":1,"name":"Accueil","item":"https:\/\/le-grenier.org\/"},{"@type":"ListItem","position":2,"name":"Boutique en ligne","item":"https:\/\/le-grenier.org\/"},{"@type":"ListItem","position":3,"name":"Lit rotin"}]}]}},"_links":{"self":[{"href":"https:\/\/le-grenier.org\/index.php\/wp-json\/wp\/v2\/product\/59938"}],"collection":[{"href":"https:\/\/le-grenier.org\/index.php\/wp-json\/wp\/v2\/product"}],"about":[{"href":"https:\/\/le-grenier.org\/index.php\/wp-json\/wp\/v2\/types\/product"}],"wp:featuredmedia":[{"embeddable":true,"href":"https:\/\/le-grenier.org\/index.php\/wp-json\/wp\/v2\/media\/59944"}],"wp:attachment":[{"href":"https:\/\/le-grenier.org\/index.php\/wp-json\/wp\/v2\/media?parent=59938"}],"wp:term":[{"taxonomy":"product_cat","embeddable":true,"href":"https:\/\/le-grenier.org\/index.php\/wp-json\/wp\/v2\/product_cat?post=59938"},{"taxonomy":"product_tag","embeddable":true,"href":"https:\/\/le-grenier.org\/index.php\/wp-json\/wp\/v2\/product_tag?post=59938"}],"curies":[{"name":"wp","href":"https:\/\/api.w.org\/{rel}","templated":true}]}}