{"id":59952,"date":"2026-05-12T19:39:53","date_gmt":"2026-05-12T17:39:53","guid":{"rendered":"https:\/\/le-grenier.org\/index.php\/produit\/tabouret-a-vis-8\/"},"modified":"2026-05-12T19:43:06","modified_gmt":"2026-05-12T17:43:06","slug":"tabouret-a-vis-8","status":"publish","type":"product","link":"https:\/\/le-grenier.org\/index.php\/produit\/tabouret-a-vis-8\/","title":{"rendered":"Tabouret \u00e0 vis"},"content":{"rendered":"<p>Tabouret d\u2019atelier vintage \u00e0 vis \u2013 bois massif<\/p>\n<p>Authentique tabouret d\u2019atelier en bois massif, au charme vintage intemporel. Son assise circulaire est r\u00e9glable en hauteur gr\u00e2ce \u00e0 un syst\u00e8me \u00e0 vis en bois, robuste et fonctionnel. Il repose sur trois pieds stables, reli\u00e9s par un disque central qui renforce sa solidit\u00e9.<\/p>\n<p>\u00c0 la fois pratique et d\u00e9coratif, ce tabouret trouvera facilement sa place :<\/p>\n<p>en assise d\u2019appoint (cuisine, bureau, piano)<\/p>\n<p>en bout de table<\/p>\n<p>en support pour plante ou lampe<\/p>\n<p>Son design sobre et authentique apportera une touche chaleureuse et r\u00e9tro \u00e0 votre int\u00e9rieur.<\/p>\n<p>\u00c9tat : Tr\u00e8s bon \u00e9tat g\u00e9n\u00e9ral, structure solide et stable.<\/p>\n<p>Dimensions :<\/p>\n<p>Hauteur r\u00e9glable : 46 \u00e0 60 cm<\/p>\n<p>Diam\u00e8tre assise : 35 cm<\/p>\n<p>\ud83d\udc49 \u00c0 noter : le tabouret sera d\u00e9viss\u00e9 pour faciliter l\u2019exp\u00e9dition.<\/p>\n<p>\ud83d\udce6 Envoi rapide et soign\u00e9 (Colissimo ou Mondial Relay)<br \/>\n\ud83d\uded2 Retrait gratuit possible (Th\u00e9zy-Glimont ou Amiens)<\/p>\n","protected":false},"excerpt":{"rendered":"<p>Tabouret d\u2019atelier vintage \u00e0 vis \u2013 bois massif Authentique tabouret d\u2019atelier en bois massif, au charme vintage intemporel. Son assise&hellip;<\/p>\n","protected":false},"featured_media":59953,"template":"","meta":{"ngg_post_thumbnail":0},"product_cat":[39,24],"product_tag":[],"yoast_head":"<!-- This site is optimized with the Yoast SEO plugin v17.9 - https:\/\/yoast.com\/wordpress\/plugins\/seo\/ -->\n<title>Tabouret \u00e0 vis - Le Grenier - brocante et am\u00e9nagement<\/title>\n<meta name=\"robots\" content=\"index, follow, max-snippet:-1, max-image-preview:large, max-video-preview:-1\" \/>\n<link rel=\"canonical\" href=\"https:\/\/le-grenier.org\/index.php\/produit\/tabouret-a-vis-8\/\" \/>\n<meta property=\"og:locale\" content=\"fr_FR\" \/>\n<meta property=\"og:type\" content=\"article\" \/>\n<meta property=\"og:title\" content=\"Tabouret \u00e0 vis - Le Grenier - brocante et am\u00e9nagement\" \/>\n<meta property=\"og:description\" content=\"Tabouret d\u2019atelier vintage \u00e0 vis \u2013 bois massif Authentique tabouret d\u2019atelier en bois massif, au charme vintage intemporel. Son assise&hellip;\" \/>\n<meta property=\"og:url\" content=\"https:\/\/le-grenier.org\/index.php\/produit\/tabouret-a-vis-8\/\" \/>\n<meta property=\"og:site_name\" content=\"Le Grenier - brocante et am\u00e9nagement\" \/>\n<meta property=\"article:modified_time\" content=\"2026-05-12T17:43:06+00:00\" \/>\n<meta name=\"twitter:card\" content=\"summary_large_image\" \/>\n<meta name=\"twitter:label1\" content=\"Dur\u00e9e de lecture estim\u00e9e\" \/>\n\t<meta name=\"twitter:data1\" content=\"1 minute\" \/>\n<script type=\"application\/ld+json\" class=\"yoast-schema-graph\">{\"@context\":\"https:\/\/schema.org\",\"@graph\":[{\"@type\":\"WebSite\",\"@id\":\"https:\/\/le-grenier.org\/#website\",\"url\":\"https:\/\/le-grenier.org\/\",\"name\":\"Le Grenier - brocante et am\\u00e9nagement\",\"description\":\"\",\"potentialAction\":[{\"@type\":\"SearchAction\",\"target\":{\"@type\":\"EntryPoint\",\"urlTemplate\":\"https:\/\/le-grenier.org\/?s={search_term_string}\"},\"query-input\":\"required name=search_term_string\"}],\"inLanguage\":\"fr-FR\"},{\"@type\":\"ImageObject\",\"@id\":\"https:\/\/le-grenier.org\/index.php\/produit\/tabouret-a-vis-8\/#primaryimage\",\"inLanguage\":\"fr-FR\",\"url\":\"https:\/\/le-grenier.org\/wp-content\/uploads\/2026\/05\/img_5657.jpeg\",\"contentUrl\":\"https:\/\/le-grenier.org\/wp-content\/uploads\/2026\/05\/img_5657.jpeg\",\"width\":1170,\"height\":1440,\"caption\":\"Screenshot\"},{\"@type\":\"WebPage\",\"@id\":\"https:\/\/le-grenier.org\/index.php\/produit\/tabouret-a-vis-8\/#webpage\",\"url\":\"https:\/\/le-grenier.org\/index.php\/produit\/tabouret-a-vis-8\/\",\"name\":\"Tabouret \\u00e0 vis - Le Grenier - brocante et am\\u00e9nagement\",\"isPartOf\":{\"@id\":\"https:\/\/le-grenier.org\/#website\"},\"primaryImageOfPage\":{\"@id\":\"https:\/\/le-grenier.org\/index.php\/produit\/tabouret-a-vis-8\/#primaryimage\"},\"datePublished\":\"2026-05-12T17:39:53+00:00\",\"dateModified\":\"2026-05-12T17:43:06+00:00\",\"breadcrumb\":{\"@id\":\"https:\/\/le-grenier.org\/index.php\/produit\/tabouret-a-vis-8\/#breadcrumb\"},\"inLanguage\":\"fr-FR\",\"potentialAction\":[{\"@type\":\"ReadAction\",\"target\":[\"https:\/\/le-grenier.org\/index.php\/produit\/tabouret-a-vis-8\/\"]}]},{\"@type\":\"BreadcrumbList\",\"@id\":\"https:\/\/le-grenier.org\/index.php\/produit\/tabouret-a-vis-8\/#breadcrumb\",\"itemListElement\":[{\"@type\":\"ListItem\",\"position\":1,\"name\":\"Accueil\",\"item\":\"https:\/\/le-grenier.org\/\"},{\"@type\":\"ListItem\",\"position\":2,\"name\":\"Boutique en ligne\",\"item\":\"https:\/\/le-grenier.org\/\"},{\"@type\":\"ListItem\",\"position\":3,\"name\":\"Tabouret \\u00e0 vis\"}]}]}<\/script>\n<!-- \/ Yoast SEO plugin. -->","yoast_head_json":{"title":"Tabouret \u00e0 vis - Le Grenier - brocante et am\u00e9nagement","robots":{"index":"index","follow":"follow","max-snippet":"max-snippet:-1","max-image-preview":"max-image-preview:large","max-video-preview":"max-video-preview:-1"},"canonical":"https:\/\/le-grenier.org\/index.php\/produit\/tabouret-a-vis-8\/","og_locale":"fr_FR","og_type":"article","og_title":"Tabouret \u00e0 vis - Le Grenier - brocante et am\u00e9nagement","og_description":"Tabouret d\u2019atelier vintage \u00e0 vis \u2013 bois massif Authentique tabouret d\u2019atelier en bois massif, au charme vintage intemporel. Son assise&hellip;","og_url":"https:\/\/le-grenier.org\/index.php\/produit\/tabouret-a-vis-8\/","og_site_name":"Le Grenier - brocante et am\u00e9nagement","article_modified_time":"2026-05-12T17:43:06+00:00","twitter_card":"summary_large_image","twitter_misc":{"Dur\u00e9e de lecture estim\u00e9e":"1 minute"},"schema":{"@context":"https:\/\/schema.org","@graph":[{"@type":"WebSite","@id":"https:\/\/le-grenier.org\/#website","url":"https:\/\/le-grenier.org\/","name":"Le Grenier - brocante et am\u00e9nagement","description":"","potentialAction":[{"@type":"SearchAction","target":{"@type":"EntryPoint","urlTemplate":"https:\/\/le-grenier.org\/?s={search_term_string}"},"query-input":"required name=search_term_string"}],"inLanguage":"fr-FR"},{"@type":"ImageObject","@id":"https:\/\/le-grenier.org\/index.php\/produit\/tabouret-a-vis-8\/#primaryimage","inLanguage":"fr-FR","url":"https:\/\/le-grenier.org\/wp-content\/uploads\/2026\/05\/img_5657.jpeg","contentUrl":"https:\/\/le-grenier.org\/wp-content\/uploads\/2026\/05\/img_5657.jpeg","width":1170,"height":1440,"caption":"Screenshot"},{"@type":"WebPage","@id":"https:\/\/le-grenier.org\/index.php\/produit\/tabouret-a-vis-8\/#webpage","url":"https:\/\/le-grenier.org\/index.php\/produit\/tabouret-a-vis-8\/","name":"Tabouret \u00e0 vis - Le Grenier - brocante et am\u00e9nagement","isPartOf":{"@id":"https:\/\/le-grenier.org\/#website"},"primaryImageOfPage":{"@id":"https:\/\/le-grenier.org\/index.php\/produit\/tabouret-a-vis-8\/#primaryimage"},"datePublished":"2026-05-12T17:39:53+00:00","dateModified":"2026-05-12T17:43:06+00:00","breadcrumb":{"@id":"https:\/\/le-grenier.org\/index.php\/produit\/tabouret-a-vis-8\/#breadcrumb"},"inLanguage":"fr-FR","potentialAction":[{"@type":"ReadAction","target":["https:\/\/le-grenier.org\/index.php\/produit\/tabouret-a-vis-8\/"]}]},{"@type":"BreadcrumbList","@id":"https:\/\/le-grenier.org\/index.php\/produit\/tabouret-a-vis-8\/#breadcrumb","itemListElement":[{"@type":"ListItem","position":1,"name":"Accueil","item":"https:\/\/le-grenier.org\/"},{"@type":"ListItem","position":2,"name":"Boutique en ligne","item":"https:\/\/le-grenier.org\/"},{"@type":"ListItem","position":3,"name":"Tabouret \u00e0 vis"}]}]}},"_links":{"self":[{"href":"https:\/\/le-grenier.org\/index.php\/wp-json\/wp\/v2\/product\/59952"}],"collection":[{"href":"https:\/\/le-grenier.org\/index.php\/wp-json\/wp\/v2\/product"}],"about":[{"href":"https:\/\/le-grenier.org\/index.php\/wp-json\/wp\/v2\/types\/product"}],"wp:featuredmedia":[{"embeddable":true,"href":"https:\/\/le-grenier.org\/index.php\/wp-json\/wp\/v2\/media\/59953"}],"wp:attachment":[{"href":"https:\/\/le-grenier.org\/index.php\/wp-json\/wp\/v2\/media?parent=59952"}],"wp:term":[{"taxonomy":"product_cat","embeddable":true,"href":"https:\/\/le-grenier.org\/index.php\/wp-json\/wp\/v2\/product_cat?post=59952"},{"taxonomy":"product_tag","embeddable":true,"href":"https:\/\/le-grenier.org\/index.php\/wp-json\/wp\/v2\/product_tag?post=59952"}],"curies":[{"name":"wp","href":"https:\/\/api.w.org\/{rel}","templated":true}]}}